{"id":44,"date":"2018-02-19T19:01:01","date_gmt":"2018-02-19T18:01:01","guid":{"rendered":"http:\/\/setmananatura.cat\/sn2019\/?page_id=44"},"modified":"2025-03-06T12:49:08","modified_gmt":"2025-03-06T11:49:08","slug":"que-es","status":"publish","type":"page","link":"https:\/\/setmananatura.cat\/2025\/que-es\/","title":{"rendered":"Qu\u00e8 \u00e9s?"},"content":{"rendered":"<p>La <strong>Setmana de la Natura<\/strong> t\u00e9 lloc del <strong>22 de maig al 5 de juny<\/strong>, durant la qual diferents associacions, fundacions, ajuntaments, escoles o empreses organitzen en total <strong>m\u00e9s de 500 activitats<\/strong> sense \u00e0nim de lucre per a la conservaci\u00f3 de la natura arreu de Catalunya.<\/p>\n<p><span style=\"color: #008000;\"><strong>Pots participar:<\/strong><\/span><\/p>\n<p>1. Des de la vostra organitzaci\u00f3 podeu <a href=\"https:\/\/setmananatura.cat\/2025\/organitza-una-activitat\/\"><strong>organitzar una activitat<\/strong><\/a> i penjar-la a la web a trav\u00e9s del <strong><a href=\"https:\/\/setmananatura.cat\/2025\/afegir-activitat\/\">seg\u00fcent formulari<\/a><\/strong>. Es revisar\u00e0 la informaci\u00f3 penjada i si tot \u00e9s correcte, es publicar\u00e0 en un termini de dos o tres dies laborables. Tot seguit, us farem arribar per correu postal els <strong>bra\u00e7alets #setmananatura<\/strong> per repartir entre els participants el dia de l\u2019activitat.<\/p>\n<p>2. Una altra forma de participar \u00e9s <a href=\"https:\/\/setmananatura.cat\/2025\/participa-a-una-activitat\/\"><strong>escollir una o diverses activitats<\/strong><\/a> i assistir-hi durant la setmana, posant-vos en contacte amb l\u2019entitat organitzadora.<\/p>\n<p>3. Indispensable per garantir l\u2019\u00e8xit de la setmana, tamb\u00e9 podeu <a href=\"https:\/\/setmananatura.cat\/2025\/difon-la-setmana-natura\/\"><strong>donar a con\u00e8ixer la campanya<\/strong><\/a> a les persones i col\u00b7lectius del vostre entorn: des del boca-orella, utilitzant el hashtag <strong>#setmananatura<\/strong> a xarxes socials o promovent l\u2019organitzaci\u00f3 d\u2019activitats al vostre municipi!<\/p>\n<p>Aquest any <strong>2025 celebrem la 10a edici\u00f3<\/strong> de la Setmana de la Natura!<\/p>\n<p>Si <a href=\"https:\/\/setmananatura.cat\/2025\/organitza-una-activitat\/\">organitzes<\/a> una activitat, pensa com podeu <strong>actuar localment<\/strong> per <strong>conservar<\/strong> i <strong>restaurar la natura<\/strong> i <strong>cerca les entitats<\/strong> o col\u00b7lectius ambientals m\u00e9s propers al teu municipi.<\/p>\n<p><strong>Descobreix com pots col\u00b7laborar-hi:<\/strong> segur que poden aportar coneixement sobre la flora i la fauna locals, contactes, materials, eines i idees per organitzar l\u2019activitat conjuntament.<\/p>\n","protected":false},"excerpt":{"rendered":"<p>La Setmana de la Natura t\u00e9 lloc del 22 de maig al 5 de juny, durant la qual diferents associacions, fundacions, ajuntaments, escoles o empreses organitzen en total m\u00e9s de 500 activitats sense \u00e0nim de lucre per a la conservaci\u00f3 de la natura arreu de Catalunya. Pots participar: 1. Des de la vostra organitzaci\u00f3 podeu [&hellip;]<\/p>\n","protected":false},"author":1,"featured_media":0,"parent":0,"menu_order":0,"comment_status":"closed","ping_status":"closed","template":"page-amb-filles.php","meta":{"footnotes":""},"class_list":["post-44","page","type-page","status-publish","hentry"],"aioseo_notices":[],"_links":{"self":[{"href":"https:\/\/setmananatura.cat\/2025\/wp-json\/wp\/v2\/pages\/44","targetHints":{"allow":["GET"]}}],"collection":[{"href":"https:\/\/setmananatura.cat\/2025\/wp-json\/wp\/v2\/pages"}],"about":[{"href":"https:\/\/setmananatura.cat\/2025\/wp-json\/wp\/v2\/types\/page"}],"author":[{"embeddable":true,"href":"https:\/\/setmananatura.cat\/2025\/wp-json\/wp\/v2\/users\/1"}],"replies":[{"embeddable":true,"href":"https:\/\/setmananatura.cat\/2025\/wp-json\/wp\/v2\/comments?post=44"}],"version-history":[{"count":35,"href":"https:\/\/setmananatura.cat\/2025\/wp-json\/wp\/v2\/pages\/44\/revisions"}],"predecessor-version":[{"id":2204115,"href":"https:\/\/setmananatura.cat\/2025\/wp-json\/wp\/v2\/pages\/44\/revisions\/2204115"}],"wp:attachment":[{"href":"https:\/\/setmananatura.cat\/2025\/wp-json\/wp\/v2\/media?parent=44"}],"curies":[{"name":"wp","href":"https:\/\/api.w.org\/{rel}","templated":true}]}}