{"id":2192074,"date":"2020-03-04T15:43:42","date_gmt":"2020-03-04T14:43:42","guid":{"rendered":"http:\/\/setmananatura.cat\/2025\/?page_id=2192074"},"modified":"2025-03-31T16:26:41","modified_gmt":"2025-03-31T14:26:41","slug":"difon-la-setmana-natura","status":"publish","type":"page","link":"https:\/\/setmananatura.cat\/2025\/com-participar\/difon-la-setmana-natura\/","title":{"rendered":"Difon la Setmana Natura"},"content":{"rendered":"<h3><strong>Ajuda&#8217;ns a fer arribar la implicaci\u00f3 per la natura a tot arreu!\u00a0<\/strong><\/h3>\n<p>A continuaci\u00f3 trobar\u00e0s diferents materials per difondre la Setmana Natura a trav\u00e9s de xarxes socials o per compartir amb les teves amistats, familiars i coneguts.<\/p>\n<p>Utilitza el hashtag <strong>#setmananatura<\/strong> amb les imatges!<\/p>\n<p><strong>\u00a0Logo Setmana Natura &#8211; sense dates &#8211; 1024 x 458 px<\/strong><\/p>\n<p><img loading=\"lazy\" decoding=\"async\" class=\"alignnone wp-image-2199011\" src=\"http:\/\/setmananatura.cat\/2025\/wp-content\/uploads\/sites\/15\/2023\/03\/logo_sn_2023_data-copia.png\" alt=\"\" width=\"417\" height=\"151\" srcset=\"https:\/\/setmananatura.cat\/2025\/wp-content\/uploads\/sites\/15\/2023\/03\/logo_sn_2023_data-copia.png 8368w, https:\/\/setmananatura.cat\/2025\/wp-content\/uploads\/sites\/15\/2023\/03\/logo_sn_2023_data-copia-300x109.png 300w, https:\/\/setmananatura.cat\/2025\/wp-content\/uploads\/sites\/15\/2023\/03\/logo_sn_2023_data-copia-1024x371.png 1024w, https:\/\/setmananatura.cat\/2025\/wp-content\/uploads\/sites\/15\/2023\/03\/logo_sn_2023_data-copia-768x278.png 768w, https:\/\/setmananatura.cat\/2025\/wp-content\/uploads\/sites\/15\/2023\/03\/logo_sn_2023_data-copia-1536x556.png 1536w, https:\/\/setmananatura.cat\/2025\/wp-content\/uploads\/sites\/15\/2023\/03\/logo_sn_2023_data-copia-2048x741.png 2048w\" sizes=\"auto, (max-width: 417px) 100vw, 417px\" \/><\/p>\n<p>&nbsp;<\/p>\n<p><strong>Cartell Setmana Natura (A4 \u2013 29,7 x 21 cm)<\/strong><\/p>\n<p><a href=\"http:\/\/setmananatura.cat\/2025\/wp-content\/uploads\/sites\/15\/2025\/03\/Cartell-Setmana-Natura-25-A4-297-X-21-cm.png\"><img loading=\"lazy\" decoding=\"async\" class=\"alignnone wp-image-2204402\" src=\"http:\/\/setmananatura.cat\/2025\/wp-content\/uploads\/sites\/15\/2025\/03\/Cartell-Setmana-Natura-25-A4-297-X-21-cm-300x212.png\" alt=\"\" width=\"458\" height=\"324\" srcset=\"https:\/\/setmananatura.cat\/2025\/wp-content\/uploads\/sites\/15\/2025\/03\/Cartell-Setmana-Natura-25-A4-297-X-21-cm-300x212.png 300w, https:\/\/setmananatura.cat\/2025\/wp-content\/uploads\/sites\/15\/2025\/03\/Cartell-Setmana-Natura-25-A4-297-X-21-cm-1024x724.png 1024w, https:\/\/setmananatura.cat\/2025\/wp-content\/uploads\/sites\/15\/2025\/03\/Cartell-Setmana-Natura-25-A4-297-X-21-cm-768x543.png 768w, https:\/\/setmananatura.cat\/2025\/wp-content\/uploads\/sites\/15\/2025\/03\/Cartell-Setmana-Natura-25-A4-297-X-21-cm-1536x1086.png 1536w, https:\/\/setmananatura.cat\/2025\/wp-content\/uploads\/sites\/15\/2025\/03\/Cartell-Setmana-Natura-25-A4-297-X-21-cm.png 2000w\" sizes=\"auto, (max-width: 458px) 100vw, 458px\" \/><\/a><\/p>\n<p>&nbsp;<\/p>\n<p><strong>Cartell Setmana Natura (Banner \u2013 1.800px x 900px)<\/strong><\/p>\n<p><a href=\"http:\/\/setmananatura.cat\/2025\/wp-content\/uploads\/sites\/15\/2025\/03\/Cartell-Setmana-Natura-25-Banner-1800px-x-900px.png\"><img loading=\"lazy\" decoding=\"async\" class=\"alignnone wp-image-2204403\" src=\"http:\/\/setmananatura.cat\/2025\/wp-content\/uploads\/sites\/15\/2025\/03\/Cartell-Setmana-Natura-25-Banner-1800px-x-900px-300x150.png\" alt=\"\" width=\"458\" height=\"229\" srcset=\"https:\/\/setmananatura.cat\/2025\/wp-content\/uploads\/sites\/15\/2025\/03\/Cartell-Setmana-Natura-25-Banner-1800px-x-900px-300x150.png 300w, https:\/\/setmananatura.cat\/2025\/wp-content\/uploads\/sites\/15\/2025\/03\/Cartell-Setmana-Natura-25-Banner-1800px-x-900px-1024x512.png 1024w, https:\/\/setmananatura.cat\/2025\/wp-content\/uploads\/sites\/15\/2025\/03\/Cartell-Setmana-Natura-25-Banner-1800px-x-900px-768x384.png 768w, https:\/\/setmananatura.cat\/2025\/wp-content\/uploads\/sites\/15\/2025\/03\/Cartell-Setmana-Natura-25-Banner-1800px-x-900px-1536x768.png 1536w, https:\/\/setmananatura.cat\/2025\/wp-content\/uploads\/sites\/15\/2025\/03\/Cartell-Setmana-Natura-25-Banner-1800px-x-900px.png 1800w\" sizes=\"auto, (max-width: 458px) 100vw, 458px\" \/><\/a><\/p>\n<p>&nbsp;<\/p>\n<p><strong>Cartell Setmana Natura (Instagram \u2013 1.080px x 1.080px)<\/strong><\/p>\n<p><a href=\"http:\/\/setmananatura.cat\/2025\/wp-content\/uploads\/sites\/15\/2025\/03\/Cartell-Setmana-Natura-25-Instagram-1.080px-x-1080px.png\"><img loading=\"lazy\" decoding=\"async\" class=\"alignnone wp-image-2204404\" src=\"http:\/\/setmananatura.cat\/2025\/wp-content\/uploads\/sites\/15\/2025\/03\/Cartell-Setmana-Natura-25-Instagram-1.080px-x-1080px-300x300.png\" alt=\"\" width=\"381\" height=\"381\" srcset=\"https:\/\/setmananatura.cat\/2025\/wp-content\/uploads\/sites\/15\/2025\/03\/Cartell-Setmana-Natura-25-Instagram-1.080px-x-1080px-300x300.png 300w, https:\/\/setmananatura.cat\/2025\/wp-content\/uploads\/sites\/15\/2025\/03\/Cartell-Setmana-Natura-25-Instagram-1.080px-x-1080px-1024x1024.png 1024w, https:\/\/setmananatura.cat\/2025\/wp-content\/uploads\/sites\/15\/2025\/03\/Cartell-Setmana-Natura-25-Instagram-1.080px-x-1080px-150x150.png 150w, https:\/\/setmananatura.cat\/2025\/wp-content\/uploads\/sites\/15\/2025\/03\/Cartell-Setmana-Natura-25-Instagram-1.080px-x-1080px-768x768.png 768w, https:\/\/setmananatura.cat\/2025\/wp-content\/uploads\/sites\/15\/2025\/03\/Cartell-Setmana-Natura-25-Instagram-1.080px-x-1080px-600x600.png 600w, https:\/\/setmananatura.cat\/2025\/wp-content\/uploads\/sites\/15\/2025\/03\/Cartell-Setmana-Natura-25-Instagram-1.080px-x-1080px-120x120.png 120w, https:\/\/setmananatura.cat\/2025\/wp-content\/uploads\/sites\/15\/2025\/03\/Cartell-Setmana-Natura-25-Instagram-1.080px-x-1080px.png 1080w\" sizes=\"auto, (max-width: 381px) 100vw, 381px\" \/><\/a><\/p>\n<p>&nbsp;<\/p>\n<p><strong>Plantilles per activitats<\/strong><\/p>\n<p>Instruccions per utilitzar les plantilles per activitats de la Setmana de la Natura<\/p>\n<p><strong>PAS 1.<\/strong>\u00a0Seleccionar l\u2019enlla\u00e7 de la plantilla que vols fer servir.<\/p>\n<p><a href=\"https:\/\/www.canva.com\/design\/DAGi651uodw\/tSXj-Jp1rBtINB3LSpIyMA\/edit?utm_content=DAGi651uodw&amp;utm_campaign=designshare&amp;utm_medium=link2&amp;utm_source=sharebutton\">Rectangular: 1600\u00d7900 px<\/a><br \/>\n<a href=\"https:\/\/www.canva.com\/design\/DAGi1gnSDQI\/92tA9JpOZO4Q-gGokEMrrA\/edit?utm_content=DAGi1gnSDQI&amp;utm_campaign=designshare&amp;utm_medium=link2&amp;utm_source=sharebutton\">Quadrat: 1080\u00d71080 px<\/a><\/p>\n<p><strong>PAS 2.<\/strong>\u00a0En obrir l\u2019enlla\u00e7 ser\u00e0s redirigida a Canva, on haur\u00e0s d\u2019entrar al teu compte o crear-te\u2019n un per entrar. \u00c9s gratu\u00eft i en l\u00ednia, no necessites descarregar cap aplicaci\u00f3.<\/p>\n<p><strong>PAS 3.<\/strong> Un cop siguis dins el document, \u00e9s <strong>MOLT IMPORTANT<\/strong> que <strong>facis UNA C\u00d2PIA<\/strong> de l\u2019arxiu i editis sobre la c\u00f2pia que se\u2019t guarda a l\u2019\u00abInici\u00bb del teu compte Canva. Assegura\u2019t quan est\u00e0s editant que el nom que apareix de l\u2019arxiu \u00e9s \u00abC\u00f2pia de Plantilla activitat\u2026\u00bb.<\/p>\n<p><img loading=\"lazy\" decoding=\"async\" class=\"wp-image-2204496 aligncenter\" src=\"http:\/\/setmananatura.cat\/2025\/wp-content\/uploads\/sites\/15\/2025\/03\/Passos-per-compartir-plantilla-300x22.png\" alt=\"\" width=\"423\" height=\"31\" srcset=\"https:\/\/setmananatura.cat\/2025\/wp-content\/uploads\/sites\/15\/2025\/03\/Passos-per-compartir-plantilla-300x22.png 300w, https:\/\/setmananatura.cat\/2025\/wp-content\/uploads\/sites\/15\/2025\/03\/Passos-per-compartir-plantilla.png 757w\" sizes=\"auto, (max-width: 423px) 100vw, 423px\" \/><\/p>\n<h6 style=\"text-align: center;\">Captura de pantalla de com ha d\u2019apar\u00e8ixer el nom de la c\u00f2pia de la plantilla a Canva.com.<\/h6>\n<p>Com fer una c\u00f2pia? Anar a \u00abFitxer\u00bb \u2192 \u00abFes una c\u00f2pia\u00bb.<\/p>\n<p><strong>PAS 4.<\/strong>\u00a0Per descarregar el disseny, vas a \u00abComparteix\u00bb \u2192 \u00abDescarrega\u00bb \u2192 Selecciones \u00abTipus de fitxer\u00bb \u2192 i \u00abDescarrega\u00bb.<\/p>\n<p><strong>PAS 5.<\/strong>\u00a0Ja pots compartir!<\/p>\n","protected":false},"excerpt":{"rendered":"<p>Ajuda&#8217;ns a fer arribar la implicaci\u00f3 per la natura a tot arreu!\u00a0 A continuaci\u00f3 trobar\u00e0s diferents materials per difondre la Setmana Natura a trav\u00e9s de xarxes socials o per compartir amb les teves amistats, familiars i coneguts. Utilitza el hashtag #setmananatura amb les imatges! \u00a0Logo Setmana Natura &#8211; sense dates &#8211; 1024 x 458 px [&hellip;]<\/p>\n","protected":false},"author":2,"featured_media":0,"parent":2192001,"menu_order":30,"comment_status":"closed","ping_status":"closed","template":"page-crear.php","meta":{"footnotes":""},"class_list":["post-2192074","page","type-page","status-publish","hentry"],"aioseo_notices":[],"_links":{"self":[{"href":"https:\/\/setmananatura.cat\/2025\/wp-json\/wp\/v2\/pages\/2192074","targetHints":{"allow":["GET"]}}],"collection":[{"href":"https:\/\/setmananatura.cat\/2025\/wp-json\/wp\/v2\/pages"}],"about":[{"href":"https:\/\/setmananatura.cat\/2025\/wp-json\/wp\/v2\/types\/page"}],"author":[{"embeddable":true,"href":"https:\/\/setmananatura.cat\/2025\/wp-json\/wp\/v2\/users\/2"}],"replies":[{"embeddable":true,"href":"https:\/\/setmananatura.cat\/2025\/wp-json\/wp\/v2\/comments?post=2192074"}],"version-history":[{"count":50,"href":"https:\/\/setmananatura.cat\/2025\/wp-json\/wp\/v2\/pages\/2192074\/revisions"}],"predecessor-version":[{"id":2201488,"href":"https:\/\/setmananatura.cat\/2025\/wp-json\/wp\/v2\/pages\/2192074\/revisions\/2201488"}],"up":[{"embeddable":true,"href":"https:\/\/setmananatura.cat\/2025\/wp-json\/wp\/v2\/pages\/2192001"}],"wp:attachment":[{"href":"https:\/\/setmananatura.cat\/2025\/wp-json\/wp\/v2\/media?parent=2192074"}],"curies":[{"name":"wp","href":"https:\/\/api.w.org\/{rel}","templated":true}]}}