{"id":2191993,"date":"2020-01-22T13:36:32","date_gmt":"2020-01-22T11:36:32","guid":{"rendered":"http:\/\/setmananatura.cat\/2025\/?page_id=2191993"},"modified":"2025-06-05T14:38:16","modified_gmt":"2025-06-05T12:38:16","slug":"difusio","status":"publish","type":"page","link":"https:\/\/setmananatura.cat\/2025\/difusio\/","title":{"rendered":"Difusi\u00f3"},"content":{"rendered":"<p><strong>Ajuda&#8217;ns a fer arribar la implicaci\u00f3 per la natura a tot arreu!\u00a0<\/strong><\/p>\n<p>A continuaci\u00f3 trobar\u00e0s diferents materials per difondre la Setmana Natura a trav\u00e9s de xarxes socials o per compartir amb les teves amistats, familiars i coneguts.<\/p>\n<p>Utilitza el hashtag <strong>#SetmanaNatura i #CelebremLaNatura<\/strong> amb les imatges!<\/p>\n<p>&nbsp;<\/p>\n<h3>Premsa<\/h3>\n<ul>\n<li><a href=\"http:\/\/setmananatura.cat\/2025\/wp-content\/uploads\/sites\/15\/2025\/05\/NdP_Inici_Setmana_Natura_2025-copia.pdf\">Nota de premsa &#8211; Inici de la Setmana Natura 2025.<\/a><\/li>\n<li><a href=\"http:\/\/setmananatura.cat\/2025\/wp-content\/uploads\/sites\/15\/2025\/06\/NdP_Final_Setmana_Natura_2025-publicar.pdf\">Nota de premsa &#8211; Final de la Setmana Natura 2025.<\/a><\/li>\n<\/ul>\n<p>&nbsp;<\/p>\n<h3>Cartells<\/h3>\n<p><a href=\"http:\/\/setmananatura.cat\/2025\/wp-content\/uploads\/sites\/15\/2025\/04\/logo_sn_2024_data_ambany.png\">\u00a0Logo Setmana Natura &#8211; 1024 x 458 px<\/a><\/p>\n<p><a href=\"http:\/\/setmananatura.cat\/2025\/wp-content\/uploads\/sites\/15\/2025\/04\/logo_sn_2024_data_ambany.png\"><img loading=\"lazy\" decoding=\"async\" class=\"alignnone wp-image-2204581 \" src=\"http:\/\/setmananatura.cat\/2025\/wp-content\/uploads\/sites\/15\/2025\/04\/logo_sn_2024_data_ambany-1024x394.png\" alt=\"\" width=\"354\" height=\"136\" srcset=\"https:\/\/setmananatura.cat\/2025\/wp-content\/uploads\/sites\/15\/2025\/04\/logo_sn_2024_data_ambany-1024x394.png 1024w, https:\/\/setmananatura.cat\/2025\/wp-content\/uploads\/sites\/15\/2025\/04\/logo_sn_2024_data_ambany-300x115.png 300w, https:\/\/setmananatura.cat\/2025\/wp-content\/uploads\/sites\/15\/2025\/04\/logo_sn_2024_data_ambany-768x295.png 768w, https:\/\/setmananatura.cat\/2025\/wp-content\/uploads\/sites\/15\/2025\/04\/logo_sn_2024_data_ambany-1536x591.png 1536w, https:\/\/setmananatura.cat\/2025\/wp-content\/uploads\/sites\/15\/2025\/04\/logo_sn_2024_data_ambany-2048x787.png 2048w\" sizes=\"auto, (max-width: 354px) 100vw, 354px\" \/><\/a><\/p>\n<p>&nbsp;<\/p>\n<p><a href=\"http:\/\/setmananatura.cat\/2025\/wp-content\/uploads\/sites\/15\/2025\/03\/Cartell-Setmana-Natura-25-A4-297-X-21-cm.png\">Cartell Setmana Natura (A4 \u2013 29,7 x 21 cm)<\/a><\/p>\n<p><a href=\"http:\/\/setmananatura.cat\/2025\/wp-content\/uploads\/sites\/15\/2025\/03\/Cartell-Setmana-Natura-25-A4-297-X-21-cm.png\"><img loading=\"lazy\" decoding=\"async\" class=\"alignnone\" src=\"http:\/\/setmananatura.cat\/2025\/wp-content\/uploads\/sites\/15\/2025\/03\/Cartell-Setmana-Natura-25-A4-297-X-21-cm.png\" alt=\"\" width=\"494\" height=\"349\" \/><\/a><\/p>\n<p><a href=\"http:\/\/setmananatura.cat\/2025\/wp-content\/uploads\/sites\/15\/2025\/03\/Cartell-Setmana-Natura-25-Banner-1800px-x-900px.png\">Cartell Setmana Natura (Banner \u2013 1.800px x 900px)<\/a><\/p>\n<p><a href=\"http:\/\/setmananatura.cat\/2025\/wp-content\/uploads\/sites\/15\/2025\/03\/Cartell-Setmana-Natura-25-Banner-1800px-x-900px.png\"><img loading=\"lazy\" decoding=\"async\" class=\"alignnone\" src=\"http:\/\/setmananatura.cat\/2025\/wp-content\/uploads\/sites\/15\/2025\/03\/Cartell-Setmana-Natura-25-Banner-1800px-x-900px.png\" alt=\"\" width=\"499\" height=\"249\" \/><\/a><\/p>\n<p>&nbsp;<\/p>\n<p><a href=\"http:\/\/setmananatura.cat\/2025\/wp-content\/uploads\/sites\/15\/2025\/03\/Cartell-Setmana-Natura-25-Instagram-1.080px-x-1080px.png\">Cartell Setmana Natura (Instagram \u2013 1.080px x 1.080px)<\/a><\/p>\n<p><a href=\"http:\/\/setmananatura.cat\/2025\/wp-content\/uploads\/sites\/15\/2025\/03\/Cartell-Setmana-Natura-25-Instagram-1.080px-x-1080px.png\"><img loading=\"lazy\" decoding=\"async\" class=\"alignnone\" src=\"http:\/\/setmananatura.cat\/2025\/wp-content\/uploads\/sites\/15\/2025\/03\/Cartell-Setmana-Natura-25-Instagram-1.080px-x-1080px.png\" alt=\"\" width=\"454\" height=\"454\" \/><\/a><\/p>\n<p>&nbsp;<\/p>\n<h3>Plantilles per activitats<\/h3>\n<p>Instruccions per utilitzar les plantilles per activitats de la Setmana de la Natura<\/p>\n<p><strong>PAS 1<\/strong>.\u00a0Seleccionar l\u2019enlla\u00e7 de la plantilla que vols fer servir.<\/p>\n<p><a href=\"https:\/\/www.canva.com\/design\/DAGi651uodw\/tSXj-Jp1rBtINB3LSpIyMA\/edit?utm_content=DAGi651uodw&amp;utm_campaign=designshare&amp;utm_medium=link2&amp;utm_source=sharebutton\">Rectangular: 1600\u00d7900 px<\/a><br \/>\n<a href=\"https:\/\/www.canva.com\/design\/DAGi1gnSDQI\/92tA9JpOZO4Q-gGokEMrrA\/edit?utm_content=DAGi1gnSDQI&amp;utm_campaign=designshare&amp;utm_medium=link2&amp;utm_source=sharebutton\">Quadrat: 1080\u00d71080 px<\/a><\/p>\n<p><strong>PAS 2.<\/strong>\u00a0En obrir l\u2019enlla\u00e7 ser\u00e0s redirigida a Canva, on haur\u00e0s d\u2019entrar al teu compte o crear-te\u2019n un per entrar. \u00c9s gratu\u00eft i en l\u00ednia, no necessites descarregar cap aplicaci\u00f3.<\/p>\n<p><strong>PAS 3<\/strong>. Un cop siguis dins el document, \u00e9s MOLT IMPORTANT que facis UNA C\u00d2PIA de l\u2019arxiu i editis sobre la c\u00f2pia que se\u2019t guarda a l\u2019\u00abInici\u00bb del teu compte Canva. Assegura\u2019t quan est\u00e0s editant que el nom que apareix de l\u2019arxiu \u00e9s \u00abC\u00f2pia de Plantilla activitat\u2026\u00bb.<\/p>\n<figure style=\"width: 757px\" class=\"wp-caption alignnone\"><img loading=\"lazy\" decoding=\"async\" src=\"http:\/\/setmananatura.cat\/2025\/wp-content\/uploads\/sites\/15\/2025\/03\/Passos-per-compartir-plantilla.png\" alt=\"\" width=\"757\" height=\"55\" \/><figcaption class=\"wp-caption-text\">Captura de pantalla de com ha d\u2019apar\u00e8ixer el nom de la c\u00f2pia de la plantilla a Canva.com.<\/figcaption><\/figure>\n<p>&nbsp;<\/p>\n<p>Com fer una c\u00f2pia? Anar a \u00abFitxer\u00bb \u2192 \u00abFes una c\u00f2pia\u00bb.<\/p>\n<p><strong>PAS 4<\/strong>.\u00a0Per descarregar el disseny, vas a \u00abComparteix\u00bb \u2192 \u00abDescarrega\u00bb \u2192 Selecciones \u00abTipus de fitxer\u00bb \u2192 i \u00abDescarrega\u00bb.<\/p>\n<p><strong>PAS 5.<\/strong>\u00a0Ja pots compartir!<\/p>\n<p>&nbsp;<\/p>\n","protected":false},"excerpt":{"rendered":"<p>Ajuda&#8217;ns a fer arribar la implicaci\u00f3 per la natura a tot arreu!\u00a0 A continuaci\u00f3 trobar\u00e0s diferents materials per difondre la Setmana Natura a trav\u00e9s de xarxes socials o per compartir amb les teves amistats, familiars i coneguts. Utilitza el hashtag #SetmanaNatura i #CelebremLaNatura amb les imatges! &nbsp; Premsa Nota de premsa &#8211; Inici de la [&hellip;]<\/p>\n","protected":false},"author":1,"featured_media":0,"parent":0,"menu_order":0,"comment_status":"closed","ping_status":"closed","template":"page-no-sidebar.php","meta":{"footnotes":""},"class_list":["post-2191993","page","type-page","status-publish","hentry"],"aioseo_notices":[],"_links":{"self":[{"href":"https:\/\/setmananatura.cat\/2025\/wp-json\/wp\/v2\/pages\/2191993","targetHints":{"allow":["GET"]}}],"collection":[{"href":"https:\/\/setmananatura.cat\/2025\/wp-json\/wp\/v2\/pages"}],"about":[{"href":"https:\/\/setmananatura.cat\/2025\/wp-json\/wp\/v2\/types\/page"}],"author":[{"embeddable":true,"href":"https:\/\/setmananatura.cat\/2025\/wp-json\/wp\/v2\/users\/1"}],"replies":[{"embeddable":true,"href":"https:\/\/setmananatura.cat\/2025\/wp-json\/wp\/v2\/comments?post=2191993"}],"version-history":[{"count":45,"href":"https:\/\/setmananatura.cat\/2025\/wp-json\/wp\/v2\/pages\/2191993\/revisions"}],"predecessor-version":[{"id":2207000,"href":"https:\/\/setmananatura.cat\/2025\/wp-json\/wp\/v2\/pages\/2191993\/revisions\/2207000"}],"wp:attachment":[{"href":"https:\/\/setmananatura.cat\/2025\/wp-json\/wp\/v2\/media?parent=2191993"}],"curies":[{"name":"wp","href":"https:\/\/api.w.org\/{rel}","templated":true}]}}