{"id":11,"date":"2018-01-23T12:10:50","date_gmt":"2018-01-23T11:10:50","guid":{"rendered":"http:\/\/setmananatura.cat\/sn2019\/?page_id=11"},"modified":"2023-01-31T12:01:14","modified_gmt":"2023-01-31T11:01:14","slug":"afegir-organitzador","status":"publish","type":"page","link":"https:\/\/setmananatura.cat\/2025\/afegir-organitzador\/","title":{"rendered":"Afegir organitzador"},"content":{"rendered":"<div class=\"afegir_pas1\">\n<div>Si us plau omple el formulari<\/div>\n<form class=\"cmb-form\" method=\"post\" id=\"front-end-post-form-1\" enctype=\"multipart\/form-data\" encoding=\"multipart\/form-data\"><input type=\"hidden\" name=\"object_id\" value=\"fake-oject-id\">\n<!-- Begin CMB2 Fields -->\n<input type=\"hidden\" id=\"nonce_CMB2phpfront-end-post-form-1\" name=\"nonce_CMB2phpfront-end-post-form-1\" value=\"24ce44ee0b\" \/><div class=\"cmb2-wrap form-table\"><div id=\"cmb2-metabox-front-end-post-form-1\" class=\"cmb2-metabox cmb-field-list\"><div class=\"cmb-row cmb-type-text cmb2-id-submitted-post-title table-layout\" data-fieldtype=\"text\">\n<div class=\"cmb-th\">\n<label for=\"submitted_post_title\">Nom organitzaci\u00f3 \/ organitzador *<\/label>\n<\/div>\n\t<div class=\"cmb-td\">\n<input type=\"text\" class=\"regular-text\" name=\"submitted_post_title\" id=\"submitted_post_title\" value=\"\" data-hash='116b0vlrh4ng'\/>\n\t<\/div>\n<\/div><div class=\"cmb-row cmb-type-select cmb2-id-sn-org-tipus-ok\" data-fieldtype=\"select\">\n<div class=\"cmb-th\">\n<label for=\"sn_org_tipus_ok\">Tipus d&#039;organitzaci\u00f3<\/label>\n<\/div>\n\t<div class=\"cmb-td\">\n<select class=\"cmb2_select\" name=\"sn_org_tipus_ok\" id=\"sn_org_tipus_ok\" data-hash='1tlsak7q55tg'>\t<option value=\"\"  selected='selected'>Cap<\/option>\n\t<option value=\"0\" >Associacions i fundacions<\/option>\n\t<option value=\"1\" >Educaci\u00f3<\/option>\n\t<option value=\"2\" >Administracions<\/option>\n\t<option value=\"3\" >Biblioteques<\/option>\n\t<option value=\"4\" >Empreses<\/option>\n<\/select>\n\t<\/div>\n<\/div><div class=\"cmb-row cmb-type-text-url cmb2-id-sn-web table-layout\" data-fieldtype=\"text_url\">\n<div class=\"cmb-th\">\n<label for=\"sn_web\">Web de l&#039;organitzaci\u00f3<\/label>\n<\/div>\n\t<div class=\"cmb-td\">\n<input type=\"text\" class=\"cmb2-text-url cmb2-text-medium regular-text\" name=\"sn_web\" id=\"sn_web\" value=\"\" data-hash='6alok0lbm0m0'\/>\n\t<\/div>\n<\/div><div class=\"cmb-row cmb-type-text cmb2-id-sn-logo table-layout\" data-fieldtype=\"text\">\n<div class=\"cmb-th\">\n<label for=\"sn_logo\">Logotip organitzador\/entitat (jpg, png m\u00e0x 2Mb) *<\/label>\n<\/div>\n\t<div class=\"cmb-td\">\n<input type=\"file\" class=\"regular-text\" name=\"sn_logo\" id=\"sn_logo\" value=\"\" data-hash='2kkm22lnrs4g'\/>\n\t<\/div>\n<\/div><hr>La informaci\u00f3 d\u2019aquest formulari a partir d'aquest punt no es publicar\u00e0 a la fitxa de l\u2019activitat. L\u2019organitzaci\u00f3 de la Setmana de la Natura nom\u00e9s utilitzar\u00e0 les vostres dades en cas que calgui contactar amb vosaltres.<div class=\"cmb-row cmb-type-text cmb2-id-sn-persona-contacte table-layout\" data-fieldtype=\"text\">\n<div class=\"cmb-th\">\n<label for=\"sn_persona_contacte\">Persona de contacte *<\/label>\n<\/div>\n\t<div class=\"cmb-td\">\n<input type=\"text\" class=\"regular-text\" name=\"sn_persona_contacte\" id=\"sn_persona_contacte\" value=\"\" data-hash='11hn5asd0m90'\/>\n\t<\/div>\n<\/div><div class=\"cmb-row cmb-type-text-email cmb2-id-sn-mail\" data-fieldtype=\"text_email\">\n<div class=\"cmb-th\">\n<label for=\"sn_mail\">Correu electr\u00f2nic *<\/label>\n<\/div>\n\t<div class=\"cmb-td\">\n<input type=\"email\" class=\"cmb2-text-email cmb2-text-medium\" name=\"sn_mail\" id=\"sn_mail\" value=\"\" data-hash='7avnruvtolr0'\/>\n\t<\/div>\n<\/div><div class=\"cmb-row cmb-type-text cmb2-id-sn-telefon table-layout\" data-fieldtype=\"text\">\n<div class=\"cmb-th\">\n<label for=\"sn_telefon\">Tel\u00e8fon *<\/label>\n<\/div>\n\t<div class=\"cmb-td\">\n<input type=\"text\" class=\"regular-text\" name=\"sn_telefon\" id=\"sn_telefon\" value=\"\" data-hash='4p5l6gkjadm0'\/>\n\t<\/div>\n<\/div><\/div><\/div><input type=\"hidden\" class=\"cmb2-hidden\" name=\"atts[post_author]\" id=\"atts[post_author]\" value=\"1\" data-hash='68seh8u27ju0'\/><input type=\"hidden\" class=\"cmb2-hidden\" name=\"atts[post_status]\" id=\"atts[post_status]\" value=\"pending\" data-hash='2vdjscn76o5g'\/><input type=\"hidden\" class=\"cmb2-hidden\" name=\"atts[post_type]\" id=\"atts[post_type]\" value=\"term\" data-hash='3usatfriel9g'\/>\n<!-- End CMB2 Fields -->\n<input type=\"submit\" name=\"submit-cmb\" value=\"Enviar organitzador\" class=\"button-primary\"><\/form>\n<\/div>\n","protected":false},"excerpt":{"rendered":"<p>Si us plau omple el formulari<\/p>\n","protected":false},"author":1,"featured_media":0,"parent":0,"menu_order":0,"comment_status":"closed","ping_status":"closed","template":"page-formulari.php","meta":{"footnotes":""},"class_list":["post-11","page","type-page","status-publish","hentry"],"aioseo_notices":[],"_links":{"self":[{"href":"https:\/\/setmananatura.cat\/2025\/wp-json\/wp\/v2\/pages\/11","targetHints":{"allow":["GET"]}}],"collection":[{"href":"https:\/\/setmananatura.cat\/2025\/wp-json\/wp\/v2\/pages"}],"about":[{"href":"https:\/\/setmananatura.cat\/2025\/wp-json\/wp\/v2\/types\/page"}],"author":[{"embeddable":true,"href":"https:\/\/setmananatura.cat\/2025\/wp-json\/wp\/v2\/users\/1"}],"replies":[{"embeddable":true,"href":"https:\/\/setmananatura.cat\/2025\/wp-json\/wp\/v2\/comments?post=11"}],"version-history":[{"count":8,"href":"https:\/\/setmananatura.cat\/2025\/wp-json\/wp\/v2\/pages\/11\/revisions"}],"predecessor-version":[{"id":2198938,"href":"https:\/\/setmananatura.cat\/2025\/wp-json\/wp\/v2\/pages\/11\/revisions\/2198938"}],"wp:attachment":[{"href":"https:\/\/setmananatura.cat\/2025\/wp-json\/wp\/v2\/media?parent=11"}],"curies":[{"name":"wp","href":"https:\/\/api.w.org\/{rel}","templated":true}]}}