{"id":2192070,"date":"2020-03-04T15:42:55","date_gmt":"2020-03-04T14:42:55","guid":{"rendered":"http:\/\/setmananatura.cat\/2024\/?page_id=2192070"},"modified":"2024-02-21T15:34:25","modified_gmt":"2024-02-21T14:34:25","slug":"organitza-una-activitat","status":"publish","type":"page","link":"https:\/\/setmananatura.cat\/2024\/com-participar\/organitza-una-activitat\/","title":{"rendered":"Organitza una activitat"},"content":{"rendered":"<p>Si formes part d\u2019un col\u00b7lectiu (associacions, fundacions, escoles, instituts, grup de lleure, administracions p\u00fabliques, biblioteques, museus, parcs naturals, empreses&#8230;) pots organitzar una activitat per la Setmana de la Natura!<\/p>\n<p>Totes les activitats han de ser sense \u00e0nim de lucre i han de promoure la participaci\u00f3 en la conservaci\u00f3 de la natura.<\/p>\n<h3><span style=\"color: #008000;\"><strong>Quin tipus d\u2019activitats es poden organitzar?<\/strong><\/span><\/h3>\n<p>Es poden organitzar diferents tipus d\u2019activitats: xerrades o confer\u00e8ncies, tallers d\u2019educaci\u00f3 ambiental, exposicions, portes obertes, jornades de voluntariat, millora d\u2019una bassa, extracci\u00f3 de plantes invasores, gimcanes, dinars contra el malbaratament alimentari, bicicletades&#8230;<\/p>\n","protected":false},"excerpt":{"rendered":"<p>Si formes part d\u2019un col\u00b7lectiu (associacions, fundacions, escoles, instituts, grup de lleure, administracions p\u00fabliques, biblioteques, museus, parcs naturals, empreses&#8230;) pots organitzar una activitat per la Setmana de la Natura! Totes les activitats han de ser sense \u00e0nim de lucre i han de promoure la participaci\u00f3 en la conservaci\u00f3 de la natura. Quin tipus d\u2019activitats es [&hellip;]<\/p>\n","protected":false},"author":2,"featured_media":0,"parent":2192001,"menu_order":10,"comment_status":"closed","ping_status":"closed","template":"page-crear.php","meta":{"footnotes":""},"class_list":["post-2192070","page","type-page","status-publish","hentry"],"aioseo_notices":[],"_links":{"self":[{"href":"https:\/\/setmananatura.cat\/2024\/wp-json\/wp\/v2\/pages\/2192070","targetHints":{"allow":["GET"]}}],"collection":[{"href":"https:\/\/setmananatura.cat\/2024\/wp-json\/wp\/v2\/pages"}],"about":[{"href":"https:\/\/setmananatura.cat\/2024\/wp-json\/wp\/v2\/types\/page"}],"author":[{"embeddable":true,"href":"https:\/\/setmananatura.cat\/2024\/wp-json\/wp\/v2\/users\/2"}],"replies":[{"embeddable":true,"href":"https:\/\/setmananatura.cat\/2024\/wp-json\/wp\/v2\/comments?post=2192070"}],"version-history":[{"count":17,"href":"https:\/\/setmananatura.cat\/2024\/wp-json\/wp\/v2\/pages\/2192070\/revisions"}],"predecessor-version":[{"id":2201300,"href":"https:\/\/setmananatura.cat\/2024\/wp-json\/wp\/v2\/pages\/2192070\/revisions\/2201300"}],"up":[{"embeddable":true,"href":"https:\/\/setmananatura.cat\/2024\/wp-json\/wp\/v2\/pages\/2192001"}],"wp:attachment":[{"href":"https:\/\/setmananatura.cat\/2024\/wp-json\/wp\/v2\/media?parent=2192070"}],"curies":[{"name":"wp","href":"https:\/\/api.w.org\/{rel}","templated":true}]}}