{"id":2192001,"date":"2020-02-05T09:40:39","date_gmt":"2020-02-05T08:40:39","guid":{"rendered":"http:\/\/setmananatura.cat\/2024\/?page_id=2192001"},"modified":"2024-03-21T21:36:43","modified_gmt":"2024-03-21T20:36:43","slug":"com-participar","status":"publish","type":"page","link":"https:\/\/setmananatura.cat\/2024\/com-participar\/","title":{"rendered":"Com participar"},"content":{"rendered":"<p><strong>Pots participar:<\/strong><\/p>\n<p>1. Des de la vostra organitzaci\u00f3 podeu <strong>organitzar una activitat<\/strong> i penjar-la a la web a trav\u00e9s del <a href=\"https:\/\/setmananatura.cat\/2024\/afegir-activitat\/\">seg\u00fcent formulari<\/a> (teniu temps <strong>fins el 6 de maig<\/strong>). Es revisar\u00e0 la informaci\u00f3 penjada i si tot \u00e9s correcte, es publicar\u00e0 en un termini de dos o tres dies laborables. Tot seguit, us farem arribar per correu postal els <strong>bra\u00e7alets #setmananatura<\/strong> per repartir entre els participants el dia de l\u2019activitat. Escriu-nos a info@setmananatura.cat quan els hagis rebut!<\/p>\n<p><strong>IMPORTANT!<\/strong> Penseu en revisar el <a href=\"http:\/\/setmananatura.cat\/2024\/wp-content\/uploads\/sites\/14\/2024\/03\/2024-REQUISITS-SN.pdf\">requisits<\/a> per organitzar una activitat per la Setmana de la Natura.<\/p>\n<p>2. Una altra forma de participar \u00e9s <strong>escollir una o diverses activitats<\/strong> i assistir-hi durant la setmana, posant-vos en contacte amb l\u2019entitat organitzadora.<\/p>\n<p>3. Indispensable per garantir l\u2019\u00e8xit de la setmana, tamb\u00e9 podeu <strong>donar a con\u00e8ixer la campanya<\/strong> a les persones i col\u00b7lectius del vostre entorn: des del boca-orella, utilitzant l&#8217;etiqueta #setmananatura a xarxes socials o promovent l\u2019organitzaci\u00f3 d\u2019activitats al vostre municipi!<\/p>\n<p>&nbsp;<\/p>\n","protected":false},"excerpt":{"rendered":"<p>Pots participar: 1. Des de la vostra organitzaci\u00f3 podeu organitzar una activitat i penjar-la a la web a trav\u00e9s del seg\u00fcent formulari (teniu temps fins el 6 de maig). Es revisar\u00e0 la informaci\u00f3 penjada i si tot \u00e9s correcte, es publicar\u00e0 en un termini de dos o tres dies laborables. Tot seguit, us farem arribar [&hellip;]<\/p>\n","protected":false},"author":1,"featured_media":0,"parent":0,"menu_order":0,"comment_status":"closed","ping_status":"closed","template":"page-amb-filles.php","meta":{"footnotes":""},"class_list":["post-2192001","page","type-page","status-publish","hentry"],"aioseo_notices":[],"_links":{"self":[{"href":"https:\/\/setmananatura.cat\/2024\/wp-json\/wp\/v2\/pages\/2192001","targetHints":{"allow":["GET"]}}],"collection":[{"href":"https:\/\/setmananatura.cat\/2024\/wp-json\/wp\/v2\/pages"}],"about":[{"href":"https:\/\/setmananatura.cat\/2024\/wp-json\/wp\/v2\/types\/page"}],"author":[{"embeddable":true,"href":"https:\/\/setmananatura.cat\/2024\/wp-json\/wp\/v2\/users\/1"}],"replies":[{"embeddable":true,"href":"https:\/\/setmananatura.cat\/2024\/wp-json\/wp\/v2\/comments?post=2192001"}],"version-history":[{"count":18,"href":"https:\/\/setmananatura.cat\/2024\/wp-json\/wp\/v2\/pages\/2192001\/revisions"}],"predecessor-version":[{"id":2201744,"href":"https:\/\/setmananatura.cat\/2024\/wp-json\/wp\/v2\/pages\/2192001\/revisions\/2201744"}],"wp:attachment":[{"href":"https:\/\/setmananatura.cat\/2024\/wp-json\/wp\/v2\/media?parent=2192001"}],"curies":[{"name":"wp","href":"https:\/\/api.w.org\/{rel}","templated":true}]}}