{"id":2191993,"date":"2020-01-22T13:36:32","date_gmt":"2020-01-22T11:36:32","guid":{"rendered":"http:\/\/setmananatura.cat\/2024\/?page_id=2191993"},"modified":"2024-06-05T13:41:58","modified_gmt":"2024-06-05T11:41:58","slug":"premsa","status":"publish","type":"page","link":"https:\/\/setmananatura.cat\/2024\/premsa\/","title":{"rendered":"Premsa"},"content":{"rendered":"<h2>Dossier de premsa<\/h2>\n<p>Descarrega el dossier de premsa amb tota la informaci\u00f3 de la 9a edici\u00f3 de la Setmana de la Natura. <a href=\"https:\/\/xcn.cat\/wp-content\/uploads\/Dossier-premsa-SN-2024.pdf\">Descarrega<\/a>.<\/p>\n<p style=\"text-align: left;\"><a href=\"https:\/\/xcn.cat\/wp-content\/uploads\/Dossier-premsa-SN-2024.pdf\"><img loading=\"lazy\" decoding=\"async\" class=\"alignnone wp-image-2202390 size-medium\" src=\"http:\/\/setmananatura.cat\/2024\/wp-content\/uploads\/sites\/14\/2024\/04\/Captura-de-pantalla-2024-04-25-141210-300x169.png\" alt=\"\" width=\"300\" height=\"169\" srcset=\"https:\/\/setmananatura.cat\/2024\/wp-content\/uploads\/sites\/14\/2024\/04\/Captura-de-pantalla-2024-04-25-141210-300x169.png 300w, https:\/\/setmananatura.cat\/2024\/wp-content\/uploads\/sites\/14\/2024\/04\/Captura-de-pantalla-2024-04-25-141210-1024x576.png 1024w, https:\/\/setmananatura.cat\/2024\/wp-content\/uploads\/sites\/14\/2024\/04\/Captura-de-pantalla-2024-04-25-141210-768x432.png 768w, https:\/\/setmananatura.cat\/2024\/wp-content\/uploads\/sites\/14\/2024\/04\/Captura-de-pantalla-2024-04-25-141210-1536x864.png 1536w, https:\/\/setmananatura.cat\/2024\/wp-content\/uploads\/sites\/14\/2024\/04\/Captura-de-pantalla-2024-04-25-141210.png 1682w\" sizes=\"auto, (max-width: 300px) 100vw, 300px\" \/><\/a><\/p>\n<p>&nbsp;<\/p>\n<h2>Notes de premsa<\/h2>\n<ul>\n<li>Nota de premsa de la presentaci\u00f3 de la Setmana Natura durant el FestiNat 2024. 27\/04\/2024. <a href=\"http:\/\/setmananatura.cat\/2024\/wp-content\/uploads\/sites\/14\/2024\/05\/NP-presentacio-SN24-DEF.pdf\">Descarrega<\/a>.<\/li>\n<li>Nota de premsa inicial, pr\u00e8via a la Setmana Natura. 15\/05\/2024. <a href=\"http:\/\/setmananatura.cat\/2024\/wp-content\/uploads\/sites\/14\/2024\/06\/NP-videoclip-SN24-inici.pdf\">Descarrega<\/a>.<\/li>\n<li>Nota de premsa final, posterior a la Setmana Natura. 05\/06\/2024. <a href=\"http:\/\/setmananatura.cat\/2024\/wp-content\/uploads\/sites\/14\/2024\/06\/NP-Setmana-natura-2024-post_DEF.pdf\">Descarrega.<\/a><\/li>\n<\/ul>\n<h2>V\u00eddeo promocional<\/h2>\n<div class=\"video-wrapper\"><iframe loading=\"lazy\" title=\"#ConnectemLaNatura Del 22 de maig al 5 de juny de 2024 arriba la Setmana de la Natura!\" width=\"1250\" height=\"703\" src=\"https:\/\/www.youtube.com\/embed\/X3b5OI4ZtwU?feature=oembed\" frameborder=\"0\" allow=\"accelerometer; autoplay; clipboard-write; encrypted-media; gyroscope; picture-in-picture; web-share\" referrerpolicy=\"strict-origin-when-cross-origin\" allowfullscreen><\/iframe><\/div>\n<p><a href=\"https:\/\/oficina.xcn.cat\/f\/1563479\">Descarrega.<\/a><\/p>\n<p>&nbsp;<\/p>\n<h2>Recursos gr\u00e0fics<\/h2>\n<p>A continuaci\u00f3 trobar\u00e0s diferents materials per difondre la Setmana Natura a trav\u00e9s de xarxes socials o per compartir amb les teves amistats, familiars i coneguts.<\/p>\n<p>Utilitza el hashtag <strong>#setmananatura<\/strong> amb les imatges!<\/p>\n<p><strong>\u00a0Logo Setmana Natura 1024 x 458 px<\/strong><\/p>\n<p><a href=\"http:\/\/setmananatura.cat\/2024\/wp-content\/uploads\/sites\/14\/2022\/04\/logo_sn_2022_data-2048x917-2.png\"><img loading=\"lazy\" decoding=\"async\" class=\"alignnone wp-image-2196374\" src=\"http:\/\/setmananatura.cat\/2024\/wp-content\/uploads\/sites\/14\/2022\/04\/logo_sn_2022_data-2048x917-2.png\" alt=\"\" width=\"329\" height=\"147\" srcset=\"https:\/\/setmananatura.cat\/2024\/wp-content\/uploads\/sites\/14\/2022\/04\/logo_sn_2022_data-2048x917-2.png 2048w, https:\/\/setmananatura.cat\/2024\/wp-content\/uploads\/sites\/14\/2022\/04\/logo_sn_2022_data-2048x917-2-300x134.png 300w, https:\/\/setmananatura.cat\/2024\/wp-content\/uploads\/sites\/14\/2022\/04\/logo_sn_2022_data-2048x917-2-1024x459.png 1024w, https:\/\/setmananatura.cat\/2024\/wp-content\/uploads\/sites\/14\/2022\/04\/logo_sn_2022_data-2048x917-2-768x344.png 768w, https:\/\/setmananatura.cat\/2024\/wp-content\/uploads\/sites\/14\/2022\/04\/logo_sn_2022_data-2048x917-2-1536x688.png 1536w\" sizes=\"auto, (max-width: 329px) 100vw, 329px\" \/><\/a><\/p>\n<p><strong>Cartell Setmana Natura (A4 &#8211; 29,7 x 21 cm)<\/strong><\/p>\n<p><a href=\"http:\/\/setmananatura.cat\/2024\/wp-content\/uploads\/sites\/14\/2024\/05\/Cartell-SN-24-1024x724-1.png\"><img loading=\"lazy\" decoding=\"async\" class=\"alignnone wp-image-2202560\" src=\"http:\/\/setmananatura.cat\/2024\/wp-content\/uploads\/sites\/14\/2024\/05\/Cartell-SN-24-1024x724-1.png\" alt=\"\" width=\"717\" height=\"507\" srcset=\"https:\/\/setmananatura.cat\/2024\/wp-content\/uploads\/sites\/14\/2024\/05\/Cartell-SN-24-1024x724-1.png 1024w, https:\/\/setmananatura.cat\/2024\/wp-content\/uploads\/sites\/14\/2024\/05\/Cartell-SN-24-1024x724-1-300x212.png 300w, https:\/\/setmananatura.cat\/2024\/wp-content\/uploads\/sites\/14\/2024\/05\/Cartell-SN-24-1024x724-1-768x543.png 768w\" sizes=\"auto, (max-width: 717px) 100vw, 717px\" \/><\/a><\/p>\n<p><strong>Cartell Setmana Natura (Banner &#8211; 1.800px x 900px)<\/strong><\/p>\n<p><img loading=\"lazy\" decoding=\"async\" class=\"alignnone wp-image-2202562 \" src=\"http:\/\/setmananatura.cat\/2024\/wp-content\/uploads\/sites\/14\/2024\/05\/Cartell-SN-24-Horitzontal-1024x5122-1.png\" alt=\"\" width=\"778\" height=\"389\" srcset=\"https:\/\/setmananatura.cat\/2024\/wp-content\/uploads\/sites\/14\/2024\/05\/Cartell-SN-24-Horitzontal-1024x5122-1.png 1024w, https:\/\/setmananatura.cat\/2024\/wp-content\/uploads\/sites\/14\/2024\/05\/Cartell-SN-24-Horitzontal-1024x5122-1-300x150.png 300w, https:\/\/setmananatura.cat\/2024\/wp-content\/uploads\/sites\/14\/2024\/05\/Cartell-SN-24-Horitzontal-1024x5122-1-768x384.png 768w\" sizes=\"auto, (max-width: 778px) 100vw, 778px\" \/><\/p>\n<p>&nbsp;<\/p>\n<p><strong>Cartell Setmana Natura (Instagram &#8211; 1.080px x 1.080px)<\/strong><\/p>\n<p><a href=\"http:\/\/setmananatura.cat\/2024\/wp-content\/uploads\/sites\/14\/2024\/05\/Cartell-SN-24-Post-de-Instagram-768x7682-1.png\"><img loading=\"lazy\" decoding=\"async\" class=\"alignnone wp-image-2202561 \" src=\"http:\/\/setmananatura.cat\/2024\/wp-content\/uploads\/sites\/14\/2024\/05\/Cartell-SN-24-Post-de-Instagram-768x7682-1.png\" alt=\"\" width=\"563\" height=\"563\" srcset=\"https:\/\/setmananatura.cat\/2024\/wp-content\/uploads\/sites\/14\/2024\/05\/Cartell-SN-24-Post-de-Instagram-768x7682-1.png 768w, https:\/\/setmananatura.cat\/2024\/wp-content\/uploads\/sites\/14\/2024\/05\/Cartell-SN-24-Post-de-Instagram-768x7682-1-300x300.png 300w, https:\/\/setmananatura.cat\/2024\/wp-content\/uploads\/sites\/14\/2024\/05\/Cartell-SN-24-Post-de-Instagram-768x7682-1-150x150.png 150w, https:\/\/setmananatura.cat\/2024\/wp-content\/uploads\/sites\/14\/2024\/05\/Cartell-SN-24-Post-de-Instagram-768x7682-1-600x600.png 600w, https:\/\/setmananatura.cat\/2024\/wp-content\/uploads\/sites\/14\/2024\/05\/Cartell-SN-24-Post-de-Instagram-768x7682-1-120x120.png 120w\" sizes=\"auto, (max-width: 563px) 100vw, 563px\" \/><\/a><\/p>\n<p>&nbsp;<\/p>\n<h2><strong>Cartells tem\u00e0tics #ConnectemLaNatura<\/strong><\/h2>\n<p><a href=\"http:\/\/setmananatura.cat\/2024\/wp-content\/uploads\/sites\/14\/2024\/05\/Connectivitat-en-la-infraestructura-verda1.png\"><img loading=\"lazy\" decoding=\"async\" class=\"alignnone wp-image-2202568 size-medium\" src=\"http:\/\/setmananatura.cat\/2024\/wp-content\/uploads\/sites\/14\/2024\/05\/Que-es-la-connectivitat1-300x251.png\" alt=\"\" width=\"300\" height=\"251\" srcset=\"https:\/\/setmananatura.cat\/2024\/wp-content\/uploads\/sites\/14\/2024\/05\/Que-es-la-connectivitat1-300x251.png 300w, https:\/\/setmananatura.cat\/2024\/wp-content\/uploads\/sites\/14\/2024\/05\/Que-es-la-connectivitat1-768x644.png 768w, https:\/\/setmananatura.cat\/2024\/wp-content\/uploads\/sites\/14\/2024\/05\/Que-es-la-connectivitat1.png 940w\" sizes=\"auto, (max-width: 300px) 100vw, 300px\" \/> \u00a0<\/a><a href=\"http:\/\/setmananatura.cat\/2024\/wp-content\/uploads\/sites\/14\/2024\/05\/Connectivitat-en-la-infraestructura-verda1.png\"><img loading=\"lazy\" decoding=\"async\" class=\"alignnone wp-image-2202563 size-medium\" src=\"http:\/\/setmananatura.cat\/2024\/wp-content\/uploads\/sites\/14\/2024\/05\/Connectivitat-en-la-infraestructura-verda1-300x251.png\" alt=\"\" width=\"300\" height=\"251\" srcset=\"https:\/\/setmananatura.cat\/2024\/wp-content\/uploads\/sites\/14\/2024\/05\/Connectivitat-en-la-infraestructura-verda1-300x251.png 300w, https:\/\/setmananatura.cat\/2024\/wp-content\/uploads\/sites\/14\/2024\/05\/Connectivitat-en-la-infraestructura-verda1-768x644.png 768w, https:\/\/setmananatura.cat\/2024\/wp-content\/uploads\/sites\/14\/2024\/05\/Connectivitat-en-la-infraestructura-verda1.png 940w\" sizes=\"auto, (max-width: 300px) 100vw, 300px\" \/><\/a>\u00a0 <a href=\"http:\/\/setmananatura.cat\/2024\/wp-content\/uploads\/sites\/14\/2024\/05\/Importancia-de-la-connectivitat-en-context-de-canvi-climatic1.png\"><img loading=\"lazy\" decoding=\"async\" class=\"alignnone wp-image-2202564 size-medium\" src=\"http:\/\/setmananatura.cat\/2024\/wp-content\/uploads\/sites\/14\/2024\/05\/Importancia-de-la-connectivitat-en-context-de-canvi-climatic1-300x251.png\" alt=\"\" width=\"300\" height=\"251\" srcset=\"https:\/\/setmananatura.cat\/2024\/wp-content\/uploads\/sites\/14\/2024\/05\/Importancia-de-la-connectivitat-en-context-de-canvi-climatic1-300x251.png 300w, https:\/\/setmananatura.cat\/2024\/wp-content\/uploads\/sites\/14\/2024\/05\/Importancia-de-la-connectivitat-en-context-de-canvi-climatic1-768x644.png 768w, https:\/\/setmananatura.cat\/2024\/wp-content\/uploads\/sites\/14\/2024\/05\/Importancia-de-la-connectivitat-en-context-de-canvi-climatic1.png 940w\" sizes=\"auto, (max-width: 300px) 100vw, 300px\" \/><\/a>\u00a0 <a href=\"http:\/\/setmananatura.cat\/2024\/wp-content\/uploads\/sites\/14\/2024\/05\/La-connectivitat-ajuda-a-conservar-la-biodiversitat2.png\"><img loading=\"lazy\" decoding=\"async\" class=\"alignnone wp-image-2202565 size-medium\" src=\"http:\/\/setmananatura.cat\/2024\/wp-content\/uploads\/sites\/14\/2024\/05\/La-connectivitat-ajuda-a-conservar-la-biodiversitat2-300x251.png\" alt=\"\" width=\"300\" height=\"251\" srcset=\"https:\/\/setmananatura.cat\/2024\/wp-content\/uploads\/sites\/14\/2024\/05\/La-connectivitat-ajuda-a-conservar-la-biodiversitat2-300x251.png 300w, https:\/\/setmananatura.cat\/2024\/wp-content\/uploads\/sites\/14\/2024\/05\/La-connectivitat-ajuda-a-conservar-la-biodiversitat2-768x644.png 768w, https:\/\/setmananatura.cat\/2024\/wp-content\/uploads\/sites\/14\/2024\/05\/La-connectivitat-ajuda-a-conservar-la-biodiversitat2.png 940w\" sizes=\"auto, (max-width: 300px) 100vw, 300px\" \/><\/a> <a href=\"http:\/\/setmananatura.cat\/2024\/wp-content\/uploads\/sites\/14\/2024\/05\/La-connectivitat-fa-els-ecosistemes-mes-resilients1.png\"><img loading=\"lazy\" decoding=\"async\" class=\"alignnone wp-image-2202566 size-medium\" src=\"http:\/\/setmananatura.cat\/2024\/wp-content\/uploads\/sites\/14\/2024\/05\/La-connectivitat-fa-els-ecosistemes-mes-resilients1-300x251.png\" alt=\"\" width=\"300\" height=\"251\" srcset=\"https:\/\/setmananatura.cat\/2024\/wp-content\/uploads\/sites\/14\/2024\/05\/La-connectivitat-fa-els-ecosistemes-mes-resilients1-300x251.png 300w, https:\/\/setmananatura.cat\/2024\/wp-content\/uploads\/sites\/14\/2024\/05\/La-connectivitat-fa-els-ecosistemes-mes-resilients1-768x644.png 768w, https:\/\/setmananatura.cat\/2024\/wp-content\/uploads\/sites\/14\/2024\/05\/La-connectivitat-fa-els-ecosistemes-mes-resilients1.png 940w\" sizes=\"auto, (max-width: 300px) 100vw, 300px\" \/><\/a>\u00a0 <a href=\"http:\/\/setmananatura.cat\/2024\/wp-content\/uploads\/sites\/14\/2024\/05\/La-connectivitat-millora-la-qualitat-dels-ecosistemes.png\"><img loading=\"lazy\" decoding=\"async\" class=\"alignnone wp-image-2202567 size-medium\" src=\"http:\/\/setmananatura.cat\/2024\/wp-content\/uploads\/sites\/14\/2024\/05\/La-connectivitat-millora-la-qualitat-dels-ecosistemes-300x251.png\" alt=\"\" width=\"300\" height=\"251\" srcset=\"https:\/\/setmananatura.cat\/2024\/wp-content\/uploads\/sites\/14\/2024\/05\/La-connectivitat-millora-la-qualitat-dels-ecosistemes-300x251.png 300w, https:\/\/setmananatura.cat\/2024\/wp-content\/uploads\/sites\/14\/2024\/05\/La-connectivitat-millora-la-qualitat-dels-ecosistemes-768x644.png 768w, https:\/\/setmananatura.cat\/2024\/wp-content\/uploads\/sites\/14\/2024\/05\/La-connectivitat-millora-la-qualitat-dels-ecosistemes.png 940w\" sizes=\"auto, (max-width: 300px) 100vw, 300px\" \/><\/a> \u00a0 <a href=\"http:\/\/setmananatura.cat\/2024\/wp-content\/uploads\/sites\/14\/2024\/05\/Beneficis-de-la-connectivitat-ecologica1.png\"><img loading=\"lazy\" decoding=\"async\" class=\"alignnone wp-image-2202569 size-medium\" src=\"http:\/\/setmananatura.cat\/2024\/wp-content\/uploads\/sites\/14\/2024\/05\/Beneficis-de-la-connectivitat-ecologica1-300x251.png\" alt=\"\" width=\"300\" height=\"251\" srcset=\"https:\/\/setmananatura.cat\/2024\/wp-content\/uploads\/sites\/14\/2024\/05\/Beneficis-de-la-connectivitat-ecologica1-300x251.png 300w, https:\/\/setmananatura.cat\/2024\/wp-content\/uploads\/sites\/14\/2024\/05\/Beneficis-de-la-connectivitat-ecologica1-768x644.png 768w, https:\/\/setmananatura.cat\/2024\/wp-content\/uploads\/sites\/14\/2024\/05\/Beneficis-de-la-connectivitat-ecologica1.png 940w\" sizes=\"auto, (max-width: 300px) 100vw, 300px\" \/><\/a><\/p>\n<p>&nbsp;<\/p>\n","protected":false},"excerpt":{"rendered":"<p>Dossier de premsa Descarrega el dossier de premsa amb tota la informaci\u00f3 de la 9a edici\u00f3 de la Setmana de la Natura. Descarrega. &nbsp; Notes de premsa Nota de premsa de la presentaci\u00f3 de la Setmana Natura durant el FestiNat 2024. 27\/04\/2024. Descarrega. Nota de premsa inicial, pr\u00e8via a la Setmana Natura. 15\/05\/2024. Descarrega. Nota [&hellip;]<\/p>\n","protected":false},"author":1,"featured_media":0,"parent":0,"menu_order":0,"comment_status":"closed","ping_status":"closed","template":"page-no-sidebar.php","meta":{"footnotes":""},"class_list":["post-2191993","page","type-page","status-publish","hentry"],"aioseo_notices":[],"_links":{"self":[{"href":"https:\/\/setmananatura.cat\/2024\/wp-json\/wp\/v2\/pages\/2191993","targetHints":{"allow":["GET"]}}],"collection":[{"href":"https:\/\/setmananatura.cat\/2024\/wp-json\/wp\/v2\/pages"}],"about":[{"href":"https:\/\/setmananatura.cat\/2024\/wp-json\/wp\/v2\/types\/page"}],"author":[{"embeddable":true,"href":"https:\/\/setmananatura.cat\/2024\/wp-json\/wp\/v2\/users\/1"}],"replies":[{"embeddable":true,"href":"https:\/\/setmananatura.cat\/2024\/wp-json\/wp\/v2\/comments?post=2191993"}],"version-history":[{"count":39,"href":"https:\/\/setmananatura.cat\/2024\/wp-json\/wp\/v2\/pages\/2191993\/revisions"}],"predecessor-version":[{"id":2204074,"href":"https:\/\/setmananatura.cat\/2024\/wp-json\/wp\/v2\/pages\/2191993\/revisions\/2204074"}],"wp:attachment":[{"href":"https:\/\/setmananatura.cat\/2024\/wp-json\/wp\/v2\/media?parent=2191993"}],"curies":[{"name":"wp","href":"https:\/\/api.w.org\/{rel}","templated":true}]}}