{"id":2192074,"date":"2020-03-04T15:43:42","date_gmt":"2020-03-04T14:43:42","guid":{"rendered":"http:\/\/setmananatura.cat\/2023\/?page_id=2192074"},"modified":"2023-03-30T13:58:10","modified_gmt":"2023-03-30T11:58:10","slug":"difon-la-setmana-natura","status":"publish","type":"page","link":"https:\/\/setmananatura.cat\/2023\/com-participar\/difon-la-setmana-natura\/","title":{"rendered":"Difon la Setmana Natura"},"content":{"rendered":"<h3><strong>Ajuda&#8217;ns a fer arribar la implicaci\u00f3 per la natura a tot arreu!\u00a0<\/strong><\/h3>\n<p>A continuaci\u00f3 trobar\u00e0s diferents materials per difondre la Setmana Natura a trav\u00e9s de xarxes socials o per compartir amb les teves amistats, familiars i coneguts.<\/p>\n<p>Utilitza el hashtag <strong>#setmananatura<\/strong> amb les imatges!<\/p>\n<p><strong>\u00a0Logo Setmana Natura &#8211; sense dates &#8211; 1024 x 458 px<\/strong><\/p>\n<p><img loading=\"lazy\" decoding=\"async\" class=\"alignnone wp-image-2199011\" src=\"http:\/\/setmananatura.cat\/2023\/wp-content\/uploads\/sites\/13\/2023\/03\/logo_sn_2023_data-copia.png\" alt=\"\" width=\"417\" height=\"151\" srcset=\"https:\/\/setmananatura.cat\/2023\/wp-content\/uploads\/sites\/13\/2023\/03\/logo_sn_2023_data-copia.png 8368w, https:\/\/setmananatura.cat\/2023\/wp-content\/uploads\/sites\/13\/2023\/03\/logo_sn_2023_data-copia-300x109.png 300w, https:\/\/setmananatura.cat\/2023\/wp-content\/uploads\/sites\/13\/2023\/03\/logo_sn_2023_data-copia-1024x371.png 1024w, https:\/\/setmananatura.cat\/2023\/wp-content\/uploads\/sites\/13\/2023\/03\/logo_sn_2023_data-copia-768x278.png 768w, https:\/\/setmananatura.cat\/2023\/wp-content\/uploads\/sites\/13\/2023\/03\/logo_sn_2023_data-copia-1536x556.png 1536w, https:\/\/setmananatura.cat\/2023\/wp-content\/uploads\/sites\/13\/2023\/03\/logo_sn_2023_data-copia-2048x741.png 2048w\" sizes=\"auto, (max-width: 417px) 100vw, 417px\" \/><\/p>\n<p>&nbsp;<\/p>\n<p><strong>\u00a0Logo Setmana Natura 2023 1024 x 458 px<\/strong><\/p>\n<p><img loading=\"lazy\" decoding=\"async\" class=\"alignnone wp-image-2199010\" src=\"http:\/\/setmananatura.cat\/2023\/wp-content\/uploads\/sites\/13\/2023\/03\/logo_setmana_natura_header_2023.png\" alt=\"\" width=\"398\" height=\"162\" srcset=\"https:\/\/setmananatura.cat\/2023\/wp-content\/uploads\/sites\/13\/2023\/03\/logo_setmana_natura_header_2023.png 700w, https:\/\/setmananatura.cat\/2023\/wp-content\/uploads\/sites\/13\/2023\/03\/logo_setmana_natura_header_2023-300x122.png 300w\" sizes=\"auto, (max-width: 398px) 100vw, 398px\" \/><\/p>\n<p>&nbsp;<\/p>\n<p>&nbsp;<\/p>\n<p><strong>Cartell Setmana Natura 2023 1800&#215;900<\/strong><\/p>\n<p><img loading=\"lazy\" decoding=\"async\" class=\"alignnone wp-image-2199016\" src=\"http:\/\/setmananatura.cat\/2023\/wp-content\/uploads\/sites\/13\/2023\/03\/Cartell-SN2023_Horitz1.png\" alt=\"\" width=\"711\" height=\"356\" srcset=\"https:\/\/setmananatura.cat\/2023\/wp-content\/uploads\/sites\/13\/2023\/03\/Cartell-SN2023_Horitz1.png 1800w, https:\/\/setmananatura.cat\/2023\/wp-content\/uploads\/sites\/13\/2023\/03\/Cartell-SN2023_Horitz1-300x150.png 300w, https:\/\/setmananatura.cat\/2023\/wp-content\/uploads\/sites\/13\/2023\/03\/Cartell-SN2023_Horitz1-1024x512.png 1024w, https:\/\/setmananatura.cat\/2023\/wp-content\/uploads\/sites\/13\/2023\/03\/Cartell-SN2023_Horitz1-768x384.png 768w, https:\/\/setmananatura.cat\/2023\/wp-content\/uploads\/sites\/13\/2023\/03\/Cartell-SN2023_Horitz1-1536x768.png 1536w\" sizes=\"auto, (max-width: 711px) 100vw, 711px\" \/><\/p>\n<p>&nbsp;<\/p>\n<p><strong>Cartell Setmana Natura 2023 1587&#215;2245 px<br \/>\n<\/strong><\/p>\n<p><img loading=\"lazy\" decoding=\"async\" class=\"alignnone wp-image-2199013\" src=\"http:\/\/setmananatura.cat\/2023\/wp-content\/uploads\/sites\/13\/2023\/03\/Cartell-SN2023_DEF.png\" alt=\"\" width=\"561\" height=\"794\" srcset=\"https:\/\/setmananatura.cat\/2023\/wp-content\/uploads\/sites\/13\/2023\/03\/Cartell-SN2023_DEF.png 1587w, https:\/\/setmananatura.cat\/2023\/wp-content\/uploads\/sites\/13\/2023\/03\/Cartell-SN2023_DEF-212x300.png 212w, https:\/\/setmananatura.cat\/2023\/wp-content\/uploads\/sites\/13\/2023\/03\/Cartell-SN2023_DEF-724x1024.png 724w, https:\/\/setmananatura.cat\/2023\/wp-content\/uploads\/sites\/13\/2023\/03\/Cartell-SN2023_DEF-768x1086.png 768w, https:\/\/setmananatura.cat\/2023\/wp-content\/uploads\/sites\/13\/2023\/03\/Cartell-SN2023_DEF-1086x1536.png 1086w, https:\/\/setmananatura.cat\/2023\/wp-content\/uploads\/sites\/13\/2023\/03\/Cartell-SN2023_DEF-1448x2048.png 1448w\" sizes=\"auto, (max-width: 561px) 100vw, 561px\" \/><\/p>\n<h3><strong>Plantilles per activitats<\/strong><\/h3>\n<p><strong>Instruccions per utilitzar les plantilles per activitats de la Setmana de la Natura<\/strong><\/p>\n<p><strong>PAS 1<\/strong>.\u00a0Seleccionar l\u2019enlla\u00e7 de la plantilla que vols fer servir.<\/p>\n<ul>\n<li><a href=\"https:\/\/www.canva.com\/design\/DAFeq8zD-mA\/LlMFFAapI256soJcr5NLXw\/edit?utm_content=DAFeq8zD-mA&amp;utm_campaign=designshare&amp;utm_medium=link2&amp;utm_source=sharebutton\">Rectangular: 1600\u00d7900 px<\/a><\/li>\n<li><a href=\"https:\/\/www.canva.com\/design\/DAE_vuX8ZAE\/td_fxCtNAgo-E1wfnlUsHQ\/edit?utm_content=DAE_vuX8ZAE&amp;utm_campaign=designshare&amp;utm_medium=link2&amp;utm_source=sharebutton\">Quadrat: 1080\u00d71080 px<\/a><\/li>\n<\/ul>\n<p><strong>PAS 2<\/strong>.\u00a0En obrir l\u2019enlla\u00e7 ser\u00e0s redirigida a Canva, on haur\u00e0s d\u2019entrar al teu compte o crear-te\u2019n un per entrar. \u00c9s gratu\u00eft i en l\u00ednia, no necessites descarregar cap aplicaci\u00f3.<\/p>\n<p><strong>PAS 3<\/strong>. Un cop siguis dins el document, \u00e9s MOLT IMPORTANT que facis UNA C\u00d2PIA de l\u2019arxiu i editis sobre la c\u00f2pia que se\u2019t guarda a l\u2019\u00abInici\u00bb del teu compte Canva. Assegura\u2019t quan est\u00e0s editant que el nom que apareix de l\u2019arxiu \u00e9s \u00abC\u00f2pia de Plantilla activitat\u2026\u00bb.<img loading=\"lazy\" decoding=\"async\" class=\"size-full wp-image-2199162 alignnone\" src=\"http:\/\/setmananatura.cat\/2023\/wp-content\/uploads\/sites\/13\/2023\/03\/pantallazo-e1648205643928.png\" alt=\"\" width=\"253\" height=\"61\" \/><\/p>\n<h6>Captura de pantalla de com ha d\u2019apar\u00e8ixer el nom de la c\u00f2pia de la plantilla a Canva.com.<\/h6>\n<p>Com fer una c\u00f2pia?\u00a0Anar a \u00abFitxer\u00bb \u2192 \u00abFes una c\u00f2pia\u00bb<\/p>\n<p><strong>PAS 4.<\/strong>\u00a0Per descarregar el disseny, vas a \u00abComparteix\u00bb \u2192 \u00abDescarrega\u00bb \u2192 Selecciones \u00abTipus de fitxer\u00bb \u2192 i \u00abDescarrega\u00bb.<\/p>\n<p><strong>PAS 5<\/strong>.\u00a0Ja pots compartir!<\/p>\n","protected":false},"excerpt":{"rendered":"<p>Ajuda&#8217;ns a fer arribar la implicaci\u00f3 per la natura a tot arreu!\u00a0 A continuaci\u00f3 trobar\u00e0s diferents materials per difondre la Setmana Natura a trav\u00e9s de xarxes socials o per compartir amb les teves amistats, familiars i coneguts. Utilitza el hashtag #setmananatura amb les imatges! \u00a0Logo Setmana Natura &#8211; sense dates &#8211; 1024 x 458 px [&hellip;]<\/p>\n","protected":false},"author":2,"featured_media":0,"parent":2192001,"menu_order":30,"comment_status":"closed","ping_status":"closed","template":"page-crear.php","meta":{"footnotes":""},"class_list":["post-2192074","page","type-page","status-publish","hentry"],"aioseo_notices":[],"_links":{"self":[{"href":"https:\/\/setmananatura.cat\/2023\/wp-json\/wp\/v2\/pages\/2192074","targetHints":{"allow":["GET"]}}],"collection":[{"href":"https:\/\/setmananatura.cat\/2023\/wp-json\/wp\/v2\/pages"}],"about":[{"href":"https:\/\/setmananatura.cat\/2023\/wp-json\/wp\/v2\/types\/page"}],"author":[{"embeddable":true,"href":"https:\/\/setmananatura.cat\/2023\/wp-json\/wp\/v2\/users\/2"}],"replies":[{"embeddable":true,"href":"https:\/\/setmananatura.cat\/2023\/wp-json\/wp\/v2\/comments?post=2192074"}],"version-history":[{"count":39,"href":"https:\/\/setmananatura.cat\/2023\/wp-json\/wp\/v2\/pages\/2192074\/revisions"}],"predecessor-version":[{"id":2199163,"href":"https:\/\/setmananatura.cat\/2023\/wp-json\/wp\/v2\/pages\/2192074\/revisions\/2199163"}],"up":[{"embeddable":true,"href":"https:\/\/setmananatura.cat\/2023\/wp-json\/wp\/v2\/pages\/2192001"}],"wp:attachment":[{"href":"https:\/\/setmananatura.cat\/2023\/wp-json\/wp\/v2\/media?parent=2192074"}],"curies":[{"name":"wp","href":"https:\/\/api.w.org\/{rel}","templated":true}]}}