{"id":65,"date":"2018-02-28T18:56:03","date_gmt":"2018-02-28T16:56:03","guid":{"rendered":"http:\/\/setmananatura.cat\/sn2019\/?page_id=65"},"modified":"2020-03-04T15:26:27","modified_gmt":"2020-03-04T14:26:27","slug":"activitat-afegida","status":"publish","type":"page","link":"https:\/\/setmananatura.cat\/2022\/activitat-afegida\/","title":{"rendered":"El formulari s&#8217;ha enviat correctament"},"content":{"rendered":"<h2>El formulari s&#8217;ha enviat correctament.<\/h2>\n<p>La vostra activitat no es publicar\u00e0 directament a la web, ja que ser\u00e0 pr\u00e8viament validada per l&#8217;organitzaci\u00f3 de la Setmana de la Natura en un per\u00edode m\u00e0xim de 48 hores laborables. Passat aquest termini ser\u00e0 publicada a la web de la Setmana de la Natura.<\/p>\n<p class=\"boto gran\"><a href=\"\/2019\/afegir-activitat\/\">Afegir una altra activitat<\/a><\/p>\n","protected":false},"excerpt":{"rendered":"<p>El formulari s&#8217;ha enviat correctament. La vostra activitat no es publicar\u00e0 directament a la web, ja que ser\u00e0 pr\u00e8viament validada per l&#8217;organitzaci\u00f3 de la Setmana de la Natura en un per\u00edode m\u00e0xim de 48 hores laborables. Passat aquest termini ser\u00e0 publicada a la web de la Setmana de la Natura. Afegir una altra activitat<\/p>\n","protected":false},"author":1,"featured_media":0,"parent":0,"menu_order":0,"comment_status":"closed","ping_status":"closed","template":"page-post-publicacio.php","meta":{"footnotes":""},"class_list":["post-65","page","type-page","status-publish","hentry"],"aioseo_notices":[],"_links":{"self":[{"href":"https:\/\/setmananatura.cat\/2022\/wp-json\/wp\/v2\/pages\/65","targetHints":{"allow":["GET"]}}],"collection":[{"href":"https:\/\/setmananatura.cat\/2022\/wp-json\/wp\/v2\/pages"}],"about":[{"href":"https:\/\/setmananatura.cat\/2022\/wp-json\/wp\/v2\/types\/page"}],"author":[{"embeddable":true,"href":"https:\/\/setmananatura.cat\/2022\/wp-json\/wp\/v2\/users\/1"}],"replies":[{"embeddable":true,"href":"https:\/\/setmananatura.cat\/2022\/wp-json\/wp\/v2\/comments?post=65"}],"version-history":[{"count":4,"href":"https:\/\/setmananatura.cat\/2022\/wp-json\/wp\/v2\/pages\/65\/revisions"}],"predecessor-version":[{"id":69,"href":"https:\/\/setmananatura.cat\/2022\/wp-json\/wp\/v2\/pages\/65\/revisions\/69"}],"wp:attachment":[{"href":"https:\/\/setmananatura.cat\/2022\/wp-json\/wp\/v2\/media?parent=65"}],"curies":[{"name":"wp","href":"https:\/\/api.w.org\/{rel}","templated":true}]}}