{"id":2191993,"date":"2020-01-22T13:36:32","date_gmt":"2020-01-22T11:36:32","guid":{"rendered":"http:\/\/setmananatura.cat\/2022\/?page_id=2191993"},"modified":"2023-03-28T12:38:28","modified_gmt":"2023-03-28T10:38:28","slug":"premsa","status":"publish","type":"page","link":"https:\/\/setmananatura.cat\/2022\/premsa\/","title":{"rendered":"Premsa"},"content":{"rendered":"<h2>Dossier de premsa<\/h2>\n<p>Consulta el dossier de premsa de la Setmana Natura:<\/p>\n<p><a href=\"http:\/\/setmananatura.cat\/2022\/wp-content\/uploads\/sites\/11\/2022\/05\/Dossier-premsa-SN-2022.pdf\"><img loading=\"lazy\" decoding=\"async\" class=\"aligncenter wp-image-2198374\" src=\"http:\/\/setmananatura.cat\/2022\/wp-content\/uploads\/sites\/11\/2022\/05\/1-1.png\" alt=\"\" width=\"670\" height=\"377\" srcset=\"https:\/\/setmananatura.cat\/2022\/wp-content\/uploads\/sites\/11\/2022\/05\/1-1.png 1920w, https:\/\/setmananatura.cat\/2022\/wp-content\/uploads\/sites\/11\/2022\/05\/1-1-300x169.png 300w, https:\/\/setmananatura.cat\/2022\/wp-content\/uploads\/sites\/11\/2022\/05\/1-1-1024x576.png 1024w, https:\/\/setmananatura.cat\/2022\/wp-content\/uploads\/sites\/11\/2022\/05\/1-1-768x432.png 768w, https:\/\/setmananatura.cat\/2022\/wp-content\/uploads\/sites\/11\/2022\/05\/1-1-1536x864.png 1536w\" sizes=\"auto, (max-width: 670px) 100vw, 670px\" \/><\/a><\/p>\n<p>&nbsp;<\/p>\n<p><a href=\"http:\/\/setmananatura.cat\/2022\/wp-content\/uploads\/sites\/11\/2023\/03\/Nota_premsa_SN22_Inici.pdf\">Nota de premsa<\/a> &#8211; Inici Setmana de la Natura 2022.<\/p>\n<h2>Recursos gr\u00e0fics<\/h2>\n<p>A continuaci\u00f3 trobar\u00e0s diferents materials per difondre la Setmana Natura a trav\u00e9s de xarxes socials o per compartir amb les teves amistats, familiars i coneguts.<\/p>\n<p>Utilitza el hashtag <strong>#setmananatura<\/strong> amb les imatges!<\/p>\n<p><strong>\u00a0Logo Setmana Natura 1024 x 458 px<\/strong><\/p>\n<p><a href=\"http:\/\/setmananatura.cat\/2022\/wp-content\/uploads\/sites\/11\/2022\/04\/logo_sn_2022_data-2048x917-2.png\"><img loading=\"lazy\" decoding=\"async\" class=\"alignnone wp-image-2196374\" src=\"http:\/\/setmananatura.cat\/2022\/wp-content\/uploads\/sites\/11\/2022\/04\/logo_sn_2022_data-2048x917-2.png\" alt=\"\" width=\"329\" height=\"147\" srcset=\"https:\/\/setmananatura.cat\/2022\/wp-content\/uploads\/sites\/11\/2022\/04\/logo_sn_2022_data-2048x917-2.png 2048w, https:\/\/setmananatura.cat\/2022\/wp-content\/uploads\/sites\/11\/2022\/04\/logo_sn_2022_data-2048x917-2-300x134.png 300w, https:\/\/setmananatura.cat\/2022\/wp-content\/uploads\/sites\/11\/2022\/04\/logo_sn_2022_data-2048x917-2-1024x459.png 1024w, https:\/\/setmananatura.cat\/2022\/wp-content\/uploads\/sites\/11\/2022\/04\/logo_sn_2022_data-2048x917-2-768x344.png 768w, https:\/\/setmananatura.cat\/2022\/wp-content\/uploads\/sites\/11\/2022\/04\/logo_sn_2022_data-2048x917-2-1536x688.png 1536w\" sizes=\"auto, (max-width: 329px) 100vw, 329px\" \/><\/a><\/p>\n<p>&nbsp;<\/p>\n<p><strong>B\u00e0ner 1500 x 500 px<\/strong><\/p>\n<p><a href=\"http:\/\/setmananatura.cat\/2022\/wp-content\/uploads\/sites\/11\/2022\/03\/1500x500-SN22.png\"><img loading=\"lazy\" decoding=\"async\" class=\"alignnone wp-image-2196123\" src=\"http:\/\/setmananatura.cat\/2022\/wp-content\/uploads\/sites\/11\/2022\/03\/1500x500-SN22.png\" alt=\"\" width=\"663\" height=\"221\" srcset=\"https:\/\/setmananatura.cat\/2022\/wp-content\/uploads\/sites\/11\/2022\/03\/1500x500-SN22.png 1500w, https:\/\/setmananatura.cat\/2022\/wp-content\/uploads\/sites\/11\/2022\/03\/1500x500-SN22-300x100.png 300w, https:\/\/setmananatura.cat\/2022\/wp-content\/uploads\/sites\/11\/2022\/03\/1500x500-SN22-1024x341.png 1024w, https:\/\/setmananatura.cat\/2022\/wp-content\/uploads\/sites\/11\/2022\/03\/1500x500-SN22-768x256.png 768w\" sizes=\"auto, (max-width: 663px) 100vw, 663px\" \/><\/a><\/p>\n<p>&nbsp;<\/p>\n<p><strong>B\u00e0ner 1600 x 900 px<\/strong><\/p>\n<p><a href=\"http:\/\/setmananatura.cat\/2022\/wp-content\/uploads\/sites\/11\/2022\/03\/1600x900-SN221-1.png\"><img loading=\"lazy\" decoding=\"async\" class=\"alignnone wp-image-2196221\" src=\"http:\/\/setmananatura.cat\/2022\/wp-content\/uploads\/sites\/11\/2022\/03\/1600x900-SN221-1.png\" alt=\"\" width=\"666\" height=\"375\" srcset=\"https:\/\/setmananatura.cat\/2022\/wp-content\/uploads\/sites\/11\/2022\/03\/1600x900-SN221-1.png 1600w, https:\/\/setmananatura.cat\/2022\/wp-content\/uploads\/sites\/11\/2022\/03\/1600x900-SN221-1-300x169.png 300w, https:\/\/setmananatura.cat\/2022\/wp-content\/uploads\/sites\/11\/2022\/03\/1600x900-SN221-1-1024x576.png 1024w, https:\/\/setmananatura.cat\/2022\/wp-content\/uploads\/sites\/11\/2022\/03\/1600x900-SN221-1-768x432.png 768w, https:\/\/setmananatura.cat\/2022\/wp-content\/uploads\/sites\/11\/2022\/03\/1600x900-SN221-1-1536x864.png 1536w\" sizes=\"auto, (max-width: 666px) 100vw, 666px\" \/><\/a><\/p>\n<p>&nbsp;<\/p>\n<p><strong>B\u00e0ner 1080 x 1080 px<\/strong><\/p>\n<p><a href=\"http:\/\/setmananatura.cat\/2022\/wp-content\/uploads\/sites\/11\/2022\/03\/1080x1080-SN22.png\"><img loading=\"lazy\" decoding=\"async\" class=\"alignnone wp-image-2196122\" src=\"http:\/\/setmananatura.cat\/2022\/wp-content\/uploads\/sites\/11\/2022\/03\/1080x1080-SN22.png\" alt=\"\" width=\"670\" height=\"670\" srcset=\"https:\/\/setmananatura.cat\/2022\/wp-content\/uploads\/sites\/11\/2022\/03\/1080x1080-SN22.png 1080w, https:\/\/setmananatura.cat\/2022\/wp-content\/uploads\/sites\/11\/2022\/03\/1080x1080-SN22-300x300.png 300w, https:\/\/setmananatura.cat\/2022\/wp-content\/uploads\/sites\/11\/2022\/03\/1080x1080-SN22-1024x1024.png 1024w, https:\/\/setmananatura.cat\/2022\/wp-content\/uploads\/sites\/11\/2022\/03\/1080x1080-SN22-150x150.png 150w, https:\/\/setmananatura.cat\/2022\/wp-content\/uploads\/sites\/11\/2022\/03\/1080x1080-SN22-768x768.png 768w\" sizes=\"auto, (max-width: 670px) 100vw, 670px\" \/><\/a><\/p>\n<p>&nbsp;<\/p>\n<p>&nbsp;<\/p>\n","protected":false},"excerpt":{"rendered":"<p>Dossier de premsa Consulta el dossier de premsa de la Setmana Natura: &nbsp; Nota de premsa &#8211; Inici Setmana de la Natura 2022. Recursos gr\u00e0fics A continuaci\u00f3 trobar\u00e0s diferents materials per difondre la Setmana Natura a trav\u00e9s de xarxes socials o per compartir amb les teves amistats, familiars i coneguts. Utilitza el hashtag #setmananatura amb [&hellip;]<\/p>\n","protected":false},"author":1,"featured_media":0,"parent":0,"menu_order":0,"comment_status":"closed","ping_status":"closed","template":"page-no-sidebar.php","meta":{"footnotes":""},"class_list":["post-2191993","page","type-page","status-publish","hentry"],"aioseo_notices":[],"_links":{"self":[{"href":"https:\/\/setmananatura.cat\/2022\/wp-json\/wp\/v2\/pages\/2191993","targetHints":{"allow":["GET"]}}],"collection":[{"href":"https:\/\/setmananatura.cat\/2022\/wp-json\/wp\/v2\/pages"}],"about":[{"href":"https:\/\/setmananatura.cat\/2022\/wp-json\/wp\/v2\/types\/page"}],"author":[{"embeddable":true,"href":"https:\/\/setmananatura.cat\/2022\/wp-json\/wp\/v2\/users\/1"}],"replies":[{"embeddable":true,"href":"https:\/\/setmananatura.cat\/2022\/wp-json\/wp\/v2\/comments?post=2191993"}],"version-history":[{"count":26,"href":"https:\/\/setmananatura.cat\/2022\/wp-json\/wp\/v2\/pages\/2191993\/revisions"}],"predecessor-version":[{"id":2198939,"href":"https:\/\/setmananatura.cat\/2022\/wp-json\/wp\/v2\/pages\/2191993\/revisions\/2198939"}],"wp:attachment":[{"href":"https:\/\/setmananatura.cat\/2022\/wp-json\/wp\/v2\/media?parent=2191993"}],"curies":[{"name":"wp","href":"https:\/\/api.w.org\/{rel}","templated":true}]}}