{"id":93,"date":"2018-03-05T17:18:42","date_gmt":"2018-03-05T15:18:42","guid":{"rendered":"http:\/\/setmananatura.cat\/sn2019\/?page_id=93"},"modified":"2021-03-05T13:56:20","modified_gmt":"2021-03-05T12:56:20","slug":"qui-som","status":"publish","type":"page","link":"https:\/\/setmananatura.cat\/2021\/qui-som\/","title":{"rendered":"Qui som?"},"content":{"rendered":"<p>La Setmana de la Natura \u00e9s una iniciativa de la <a href=\"https:\/\/xcn.cat\/qui-som\/la-xcn-missio-visio-valors\/\"><strong>Xarxa per a la Conservaci\u00f3 de la Natura<\/strong><\/a> (XCN), una\u00a0entitat sense \u00e0nim de lucre de 2n nivell, formada per associacions, fundacions, administracions p\u00fabliques, universitats i centres de recerca.<\/p>\n<p>La XCN va n\u00e9ixer al febrer del 2019, fruit de la fusi\u00f3 entre la\u00a0<a href=\"http:\/\/voluntariatambiental.cat\/#!\/llistat\">Xarxa de Voluntariat Ambiental de Catalunya<\/a> (XVAC)\u00a0i la\u00a0<a href=\"http:\/\/xcn.cat\">Xarxa de Cust\u00f2dia del Territori<\/a> (XCT).<\/p>\n<p>La XCN\u00a0promou la conservaci\u00f3 del patrimoni natural, cultural i paisatg\u00edstic i la gesti\u00f3 sostenible del territori, mitjan\u00e7ant la\u00a0participaci\u00f3 i implicaci\u00f3 social,\u00a0representant i donant suport a les entitats de cust\u00f2dia i de voluntariat ambiental de Catalunya.<\/p>\n<p><img loading=\"lazy\" decoding=\"async\" class=\"wp-image-2192119 aligncenter\" src=\"http:\/\/setmananatura.cat\/2021\/wp-content\/uploads\/sites\/10\/2020\/03\/P1150477-copia-1024x471.jpg\" alt=\"\" width=\"617\" height=\"284\" srcset=\"https:\/\/setmananatura.cat\/2021\/wp-content\/uploads\/sites\/10\/2020\/03\/P1150477-copia-1024x471.jpg 1024w, https:\/\/setmananatura.cat\/2021\/wp-content\/uploads\/sites\/10\/2020\/03\/P1150477-copia-300x138.jpg 300w, https:\/\/setmananatura.cat\/2021\/wp-content\/uploads\/sites\/10\/2020\/03\/P1150477-copia-768x353.jpg 768w, https:\/\/setmananatura.cat\/2021\/wp-content\/uploads\/sites\/10\/2020\/03\/P1150477-copia-1536x707.jpg 1536w, https:\/\/setmananatura.cat\/2021\/wp-content\/uploads\/sites\/10\/2020\/03\/P1150477-copia.jpg 2037w\" sizes=\"auto, (max-width: 617px) 100vw, 617px\" \/><\/p>\n<p>Des de la Xarxa per a la Conservaci\u00f3 de la Natura es promou la <strong>implicaci\u00f3 ciutadana<\/strong> en la <strong>conservaci\u00f3 de la natura<\/strong>, i per aix\u00f2 s\u2019organitzen diferents campanyes per apropar el coneixement sobre les entitats ambientals a tothom.<\/p>\n<p>Durant l\u2019any pots implicar-te amb el <a href=\"http:\/\/voluntariatambiental.cat\/#!\/llistat\"><strong>voluntariat ambiental<\/strong><\/a> participant a activitats\u00a0puntuals d\u2019un dia o en projectes de llarga durada, amb les entitats del teu voltant.<\/p>\n<p>Al voltant del dia mundial del Medi Ambient, <strong>5 de juny<\/strong>, s\u2019organitza la <a href=\"https:\/\/setmananatura.cat\/2021\/#!\/llistat\"><strong>Setmana de la Natura<\/strong><\/a> per promoure accions a favor de la conservaci\u00f3 de la natura i donar a con\u00e8ixer les <strong>entitats ambientals<\/strong> a la ciutadania, esdeveniment que culminar\u00e0 amb la <a href=\"http:\/\/ultracleanmarathon.cat\/es\/\"><strong>Ultra Clean Marathon<\/strong><\/a>, una cursa sostenible i solid\u00e0ria per captar fons per als projectes de conservaci\u00f3 de les entitats d\u2019arreu de Catalunya.<\/p>\n<p><em>La XCN \u00e9s una entitat Declarada d\u2019Utilitat P\u00fablica (ordre INT\/3558\/2006 del 26 d\u2019octubre).<\/em><\/p>\n","protected":false},"excerpt":{"rendered":"<p>La Setmana de la Natura \u00e9s una iniciativa de la Xarxa per a la Conservaci\u00f3 de la Natura (XCN), una\u00a0entitat sense \u00e0nim de lucre de 2n nivell, formada per associacions, fundacions, administracions p\u00fabliques, universitats i centres de recerca. La XCN va n\u00e9ixer al febrer del 2019, fruit de la fusi\u00f3 entre la\u00a0Xarxa de Voluntariat Ambiental [&hellip;]<\/p>\n","protected":false},"author":1,"featured_media":0,"parent":0,"menu_order":0,"comment_status":"closed","ping_status":"closed","template":"","meta":{"footnotes":""},"class_list":["post-93","page","type-page","status-publish","hentry"],"aioseo_notices":[],"_links":{"self":[{"href":"https:\/\/setmananatura.cat\/2021\/wp-json\/wp\/v2\/pages\/93","targetHints":{"allow":["GET"]}}],"collection":[{"href":"https:\/\/setmananatura.cat\/2021\/wp-json\/wp\/v2\/pages"}],"about":[{"href":"https:\/\/setmananatura.cat\/2021\/wp-json\/wp\/v2\/types\/page"}],"author":[{"embeddable":true,"href":"https:\/\/setmananatura.cat\/2021\/wp-json\/wp\/v2\/users\/1"}],"replies":[{"embeddable":true,"href":"https:\/\/setmananatura.cat\/2021\/wp-json\/wp\/v2\/comments?post=93"}],"version-history":[{"count":20,"href":"https:\/\/setmananatura.cat\/2021\/wp-json\/wp\/v2\/pages\/93\/revisions"}],"predecessor-version":[{"id":2193983,"href":"https:\/\/setmananatura.cat\/2021\/wp-json\/wp\/v2\/pages\/93\/revisions\/2193983"}],"wp:attachment":[{"href":"https:\/\/setmananatura.cat\/2021\/wp-json\/wp\/v2\/media?parent=93"}],"curies":[{"name":"wp","href":"https:\/\/api.w.org\/{rel}","templated":true}]}}