{"id":2192090,"date":"2020-03-04T15:51:52","date_gmt":"2020-03-04T14:51:52","guid":{"rendered":"http:\/\/setmananatura.cat\/2021\/?page_id=2192090"},"modified":"2021-03-05T14:10:17","modified_gmt":"2021-03-05T13:10:17","slug":"la-perdua-de-biodiversitat-2","status":"publish","type":"page","link":"https:\/\/setmananatura.cat\/2021\/la-perdua-de-biodiversitat-2\/","title":{"rendered":"La p\u00e8rdua de biodiversitat"},"content":{"rendered":"<h3><span style=\"color: #ff6600;\"><strong><span style=\"color: #008000;\">La Natura ens d\u00f3na VIDA!<\/span><br \/>\n<\/strong><\/span><\/h3>\n<p>El medi ambient \u00e9s la nostra llar, \u00e9s la nostra font de recursos, s\u00f3n els valors que sustenten la nostra economia. El medi influeix en la nostra vida. Per aix\u00f2, la seva conservaci\u00f3 \u00e9s responsabilitat de tothom. Ens cal una <strong>natura sana<\/strong> per poder gaudir d\u2019una vida saludable.<\/p>\n<p>La <strong>salut dels ecosistemes<\/strong>, dels que en depenem els \u00e9ssers humans i totes les altres esp\u00e8cies, estan <strong>deteriorant-se m\u00e9s r\u00e0pidament que ma<\/strong>i. Estem deteriorant els principals fonaments de les nostres economies, societats, seguretat aliment\u00e0ria, salut i qualitat de vida en tot el m\u00f3n.<\/p>\n<p>La p\u00e8rdua de biodiversitat i la degradaci\u00f3 del patrimoni natural posen en risc la provisi\u00f3 de les funcions dels ecosistemes de les quals deriven els serveis que s\u00f3n b\u00e0sics per la salut i el benestar de la societat, com la pol\u00b7linitzaci\u00f3, la fixaci\u00f3 de carboni, l\u2019esmorte\u00efment d\u2019inundacions, la purificaci\u00f3 de l\u2019aigua, els incendis forestals o la protecci\u00f3 dels recursos pesquers.<\/p>\n<p>El c\u00e0lcul per a Catalunya del Living Planet Index (LPI), evidencia una greu tend\u00e8ncia regressiva. El <strong>75% de la fauna i flora de Catalunya estan en risc<\/strong>. Hi ha una llarga llista d\u2019esp\u00e8cies animals i vegetals que no tenen garantida la superviv\u00e8ncia a Catalunya.<\/p>\n<p>Les p\u00e8rdues de biodiversitat m\u00e9s significatives s\u2019estan produint en els boscos madurs, d\u2019h\u00e0bitats agraris, d\u2019aigua dol\u00e7a i litorals, com a conseq\u00fc\u00e8ncia directa de l\u2019activitat humana.<\/p>\n<p><img loading=\"lazy\" decoding=\"async\" class=\"alignnone size-large wp-image-2193984\" src=\"http:\/\/setmananatura.cat\/2021\/wp-content\/uploads\/sites\/10\/2021\/03\/EjgQaLjX0AE6rje-e1614949803770-1024x512.jpg\" alt=\"\" width=\"850\" height=\"425\" srcset=\"https:\/\/setmananatura.cat\/2021\/wp-content\/uploads\/sites\/10\/2021\/03\/EjgQaLjX0AE6rje-e1614949803770-1024x512.jpg 1024w, https:\/\/setmananatura.cat\/2021\/wp-content\/uploads\/sites\/10\/2021\/03\/EjgQaLjX0AE6rje-e1614949803770-300x150.jpg 300w, https:\/\/setmananatura.cat\/2021\/wp-content\/uploads\/sites\/10\/2021\/03\/EjgQaLjX0AE6rje-e1614949803770-768x384.jpg 768w, https:\/\/setmananatura.cat\/2021\/wp-content\/uploads\/sites\/10\/2021\/03\/EjgQaLjX0AE6rje-e1614949803770-1536x768.jpg 1536w, https:\/\/setmananatura.cat\/2021\/wp-content\/uploads\/sites\/10\/2021\/03\/EjgQaLjX0AE6rje-e1614949803770.jpg 2048w\" sizes=\"auto, (max-width: 850px) 100vw, 850px\" \/><\/p>\n<p>En aquest context, existeix una demanda social creixent de protecci\u00f3 i de gesti\u00f3 del patrimoni natural del nostre pa\u00eds, perqu\u00e8 sense un bon estat de la natura, no hi ha vida possible.<\/p>\n<p>A Catalunya hi ha <strong>m\u00e9s de 80 entitats ambientals<\/strong> sense \u00e0nim de lucre que treballen per a la protecci\u00f3 i <strong>conservaci\u00f3 de la NATURA<\/strong>.<\/p>\n<p>Es tracta d\u2019entitats que realitzen un acci\u00f3 crucial per a la preservaci\u00f3 dels nostres ecosistemes, i de transcend\u00e8ncia per a la biodiversitat i la sostenibilitat i, en conseq\u00fc\u00e8ncia, per a tots nosaltres. Per\u00f2 sovint la seva feina \u00e9s invisible i per dur-la a terme necessiten la col\u00b7laboraci\u00f3 de tots i totes.<\/p>\n<p>Durant la Setmana de la Natura, apropa\u2019t a les entitats ambientals del teu voltant per con\u00e8ixer com, a trav\u00e9s de la teva participaci\u00f3, pots ajudar a conservar tots els serveis i beneficis que la natura ens proveeix.<\/p>\n<p>&nbsp;<\/p>\n","protected":false},"excerpt":{"rendered":"<p>La Natura ens d\u00f3na VIDA! El medi ambient \u00e9s la nostra llar, \u00e9s la nostra font de recursos, s\u00f3n els valors que sustenten la nostra economia. El medi influeix en la nostra vida. Per aix\u00f2, la seva conservaci\u00f3 \u00e9s responsabilitat de tothom. Ens cal una natura sana per poder gaudir d\u2019una vida saludable. La salut [&hellip;]<\/p>\n","protected":false},"author":2,"featured_media":0,"parent":0,"menu_order":0,"comment_status":"closed","ping_status":"closed","template":"","meta":{"footnotes":""},"class_list":["post-2192090","page","type-page","status-publish","hentry"],"aioseo_notices":[],"_links":{"self":[{"href":"https:\/\/setmananatura.cat\/2021\/wp-json\/wp\/v2\/pages\/2192090","targetHints":{"allow":["GET"]}}],"collection":[{"href":"https:\/\/setmananatura.cat\/2021\/wp-json\/wp\/v2\/pages"}],"about":[{"href":"https:\/\/setmananatura.cat\/2021\/wp-json\/wp\/v2\/types\/page"}],"author":[{"embeddable":true,"href":"https:\/\/setmananatura.cat\/2021\/wp-json\/wp\/v2\/users\/2"}],"replies":[{"embeddable":true,"href":"https:\/\/setmananatura.cat\/2021\/wp-json\/wp\/v2\/comments?post=2192090"}],"version-history":[{"count":9,"href":"https:\/\/setmananatura.cat\/2021\/wp-json\/wp\/v2\/pages\/2192090\/revisions"}],"predecessor-version":[{"id":2192260,"href":"https:\/\/setmananatura.cat\/2021\/wp-json\/wp\/v2\/pages\/2192090\/revisions\/2192260"}],"wp:attachment":[{"href":"https:\/\/setmananatura.cat\/2021\/wp-json\/wp\/v2\/media?parent=2192090"}],"curies":[{"name":"wp","href":"https:\/\/api.w.org\/{rel}","templated":true}]}}