{"id":2192077,"date":"2020-03-04T15:49:51","date_gmt":"2020-03-04T14:49:51","guid":{"rendered":"http:\/\/setmananatura.cat\/2021\/?page_id=2192077"},"modified":"2021-03-05T14:13:58","modified_gmt":"2021-03-05T13:13:58","slug":"les-entitats-ambientals","status":"publish","type":"page","link":"https:\/\/setmananatura.cat\/2021\/les-entitats-ambientals\/","title":{"rendered":"Les entitats ambientals"},"content":{"rendered":"<p>Les associacions i fundacions ambientals s\u00f3n aquelles entitats sense \u00e0nim de lucre dedicades a la <strong>protecci\u00f3 i millora del medi ambient<\/strong>, garantint la conservaci\u00f3 de la biodiversitat i una millor salut dels ecosistemes, tant de les persones com de la resta d\u2019esp\u00e8cies.<\/p>\n<p>Les <strong>entitats ambientals<\/strong> conformen un teixit associatiu jove, amb menys de 20 anys d\u2019experi\u00e8ncia, per\u00f2 moltes de les associacions que en formen part porten <strong>anys dedicades a la conservaci\u00f3 de la natura<\/strong>.<\/p>\n<p>A trav\u00e9s de la seva acci\u00f3, han aconseguit, entre d\u2019altres coses, influir en l\u2019elaboraci\u00f3 de les pol\u00edtiques p\u00fabliques, <strong>salvar espais naturals<\/strong> enfront de projectes urban\u00edstics que els posaven en perill, expandir el coneixement sobre el medi ambient entre la ciutadania o fomentar la biodiversitat de molts espais a trav\u00e9s de la <strong>cust\u00f2dia del territori i el voluntariat<\/strong>.<\/p>\n<p><a href=\"http:\/\/setmananatura.cat\/2021\/wp-content\/uploads\/sites\/10\/2020\/03\/Jornada_voluntariat_1-scaled.jpg\"><img loading=\"lazy\" decoding=\"async\" class=\"aligncenter wp-image-2192277\" src=\"http:\/\/setmananatura.cat\/2021\/wp-content\/uploads\/sites\/10\/2020\/03\/Jornada_voluntariat_1-1024x489.jpg\" alt=\"\" width=\"714\" height=\"341\" srcset=\"https:\/\/setmananatura.cat\/2021\/wp-content\/uploads\/sites\/10\/2020\/03\/Jornada_voluntariat_1-1024x489.jpg 1024w, https:\/\/setmananatura.cat\/2021\/wp-content\/uploads\/sites\/10\/2020\/03\/Jornada_voluntariat_1-300x143.jpg 300w, https:\/\/setmananatura.cat\/2021\/wp-content\/uploads\/sites\/10\/2020\/03\/Jornada_voluntariat_1-768x367.jpg 768w, https:\/\/setmananatura.cat\/2021\/wp-content\/uploads\/sites\/10\/2020\/03\/Jornada_voluntariat_1-1536x733.jpg 1536w, https:\/\/setmananatura.cat\/2021\/wp-content\/uploads\/sites\/10\/2020\/03\/Jornada_voluntariat_1-2048x977.jpg 2048w\" sizes=\"auto, (max-width: 714px) 100vw, 714px\" \/><\/a><\/p>\n<p>A Catalunya actuen al voltant de <strong>80 entitats ambientals<\/strong>, dedicades, en la seva diversitat, a diferents \u00e0mbits, com la defensa i reivindicaci\u00f3 de la natura, a la conservaci\u00f3 dels recursos naturals i la cust\u00f2dia del territori, a l\u2019educaci\u00f3 ambiental o la implicaci\u00f3 de la societat en els diferents \u00e0mbits.<\/p>\n<p>Ja sigui per mar, rius, boscos, muntanyes, ciutats, valls i camps agr\u00edcoles, les entitats treballen di\u00e0riament arreu del territori per implicar a les persones en la conservaci\u00f3 de la natura i garantir unes pol\u00edtiques que afavoreixin una relaci\u00f3 sostenible entre el funcionament de les societats humanes i la resta d\u2019h\u00e0bitats.<\/p>\n<p><a href=\"http:\/\/setmananatura.cat\/2021\/wp-content\/uploads\/sites\/10\/2020\/03\/imatge_2-scaled.jpg\"><img loading=\"lazy\" decoding=\"async\" class=\"aligncenter wp-image-2192278 \" src=\"http:\/\/setmananatura.cat\/2021\/wp-content\/uploads\/sites\/10\/2020\/03\/imatge_2-1024x489.jpg\" alt=\"\" width=\"716\" height=\"342\" srcset=\"https:\/\/setmananatura.cat\/2021\/wp-content\/uploads\/sites\/10\/2020\/03\/imatge_2-1024x489.jpg 1024w, https:\/\/setmananatura.cat\/2021\/wp-content\/uploads\/sites\/10\/2020\/03\/imatge_2-300x143.jpg 300w, https:\/\/setmananatura.cat\/2021\/wp-content\/uploads\/sites\/10\/2020\/03\/imatge_2-768x367.jpg 768w, https:\/\/setmananatura.cat\/2021\/wp-content\/uploads\/sites\/10\/2020\/03\/imatge_2-1536x733.jpg 1536w, https:\/\/setmananatura.cat\/2021\/wp-content\/uploads\/sites\/10\/2020\/03\/imatge_2-2048x977.jpg 2048w\" sizes=\"auto, (max-width: 716px) 100vw, 716px\" \/><\/a><\/p>\n<p>La majoria d\u2019aquests col\u00b7lectius no podrien funcionar sense la dedicaci\u00f3 volunt\u00e0ria de moltes persones, que dia a dia, aporten el seu coneixement, el seu temps i les seves mans per evitar la p\u00e8rdua de biodiversitat.<\/p>\n<p>Per aquest motiu, <strong>et convidem<\/strong> durant la Setmana de la Natura a <strong>apropar-te a con\u00e8ixer<\/strong> les entitats ambientals i descobrir com hi pots col\u00b7laborar a llarg termini, com a s\u00f2cia, volunt\u00e0ria o a trav\u00e9s de donacions per a que puguin realitzar els seus projectes en defensa de la natura.<\/p>\n<h3><span style=\"color: #008000;\"><strong>La Natura ens d\u00f3na VIDA!<\/strong><\/span><\/h3>\n","protected":false},"excerpt":{"rendered":"<p>Les associacions i fundacions ambientals s\u00f3n aquelles entitats sense \u00e0nim de lucre dedicades a la protecci\u00f3 i millora del medi ambient, garantint la conservaci\u00f3 de la biodiversitat i una millor salut dels ecosistemes, tant de les persones com de la resta d\u2019esp\u00e8cies. Les entitats ambientals conformen un teixit associatiu jove, amb menys de 20 anys [&hellip;]<\/p>\n","protected":false},"author":2,"featured_media":0,"parent":0,"menu_order":0,"comment_status":"closed","ping_status":"closed","template":"","meta":{"footnotes":""},"class_list":["post-2192077","page","type-page","status-publish","hentry"],"aioseo_notices":[],"_links":{"self":[{"href":"https:\/\/setmananatura.cat\/2021\/wp-json\/wp\/v2\/pages\/2192077","targetHints":{"allow":["GET"]}}],"collection":[{"href":"https:\/\/setmananatura.cat\/2021\/wp-json\/wp\/v2\/pages"}],"about":[{"href":"https:\/\/setmananatura.cat\/2021\/wp-json\/wp\/v2\/types\/page"}],"author":[{"embeddable":true,"href":"https:\/\/setmananatura.cat\/2021\/wp-json\/wp\/v2\/users\/2"}],"replies":[{"embeddable":true,"href":"https:\/\/setmananatura.cat\/2021\/wp-json\/wp\/v2\/comments?post=2192077"}],"version-history":[{"count":7,"href":"https:\/\/setmananatura.cat\/2021\/wp-json\/wp\/v2\/pages\/2192077\/revisions"}],"predecessor-version":[{"id":2193986,"href":"https:\/\/setmananatura.cat\/2021\/wp-json\/wp\/v2\/pages\/2192077\/revisions\/2193986"}],"wp:attachment":[{"href":"https:\/\/setmananatura.cat\/2021\/wp-json\/wp\/v2\/media?parent=2192077"}],"curies":[{"name":"wp","href":"https:\/\/api.w.org\/{rel}","templated":true}]}}