{"id":2192067,"date":"2020-03-04T15:42:12","date_gmt":"2020-03-04T14:42:12","guid":{"rendered":"http:\/\/setmananatura.cat\/2021\/?page_id=2192067"},"modified":"2021-05-14T16:05:55","modified_gmt":"2021-05-14T14:05:55","slug":"participa-a-una-activitat","status":"publish","type":"page","link":"https:\/\/setmananatura.cat\/2021\/participa-a-una-activitat\/","title":{"rendered":"Participa a una activitat"},"content":{"rendered":"<p>Durant la <a href=\"https:\/\/setmananatura.cat\/2021\/#!\/llistat\"><strong>Setmana de la Natura<\/strong><\/a>, participa a una o m\u00e9s activitats i rebr\u00e0s un bra\u00e7alet de regal!<\/p>\n<p><span style=\"color: #008000;\">Penja les teves fotografies a les xarxes socials amb el hashtag <strong>#setmananatura<\/strong> i d\u00f3na a con\u00e8ixer com t&#8217;impliques pel medi ambient.<\/span><\/p>\n<p>Al <strong><a href=\"https:\/\/setmananatura.cat\/2021\/#!\/llistat\">mapa<\/a><\/strong> de la setmana pots<strong> filtrar les activitats<\/strong> per:<\/p>\n<ul>\n<li><strong>Tipus d&#8217;organitzador<\/strong> (associacions i fundacions, educaci\u00f3, administracions p\u00fabliques, biblioteques o empreses).<\/li>\n<li><strong>Tipus p\u00fablic<\/strong> a qui va dirigida l&#8217;acci\u00f3 (adult, familiar o especialitzat).<\/li>\n<li><strong>Tipus d&#8217;activitat<\/strong> (voluntariat, sortida guiada, exposici\u00f3, taller, concurs o altres).<\/li>\n<\/ul>\n<p>Tamb\u00e9 pots cercar per <strong>dia<\/strong> (del 24 de maig al 5 de juny) i per<strong> lloc<\/strong> (escrivint un municipi o comarca).<\/p>\n<p><a href=\"http:\/\/setmananatura.cat\/2021\/wp-content\/uploads\/sites\/10\/2020\/03\/mans.jpg\"><img loading=\"lazy\" decoding=\"async\" class=\"aligncenter wp-image-2192233\" src=\"http:\/\/setmananatura.cat\/2021\/wp-content\/uploads\/sites\/10\/2020\/03\/mans.jpg\" alt=\"\" width=\"366\" height=\"456\" srcset=\"https:\/\/setmananatura.cat\/2021\/wp-content\/uploads\/sites\/10\/2020\/03\/mans.jpg 667w, https:\/\/setmananatura.cat\/2021\/wp-content\/uploads\/sites\/10\/2020\/03\/mans-241x300.jpg 241w\" sizes=\"auto, (max-width: 366px) 100vw, 366px\" \/><\/a><\/p>\n<p>El compliment de les mesures de seguretat per a la prevenci\u00f3 de la Covid-19 \u00e9s responsabilitat de l&#8217;entitat organitzadora de cada activitat. La Xarxa per la Conservaci\u00f3 de la Natura s&#8217;encarrega de recordar i recomanar l&#8217;obligat compliment d&#8217;aquestes mesures, no obstant no se&#8217;n fa responsable.<\/p>\n","protected":false},"excerpt":{"rendered":"<p>Durant la Setmana de la Natura, participa a una o m\u00e9s activitats i rebr\u00e0s un bra\u00e7alet de regal! Penja les teves fotografies a les xarxes socials amb el hashtag #setmananatura i d\u00f3na a con\u00e8ixer com t&#8217;impliques pel medi ambient. Al mapa de la setmana pots filtrar les activitats per: Tipus d&#8217;organitzador (associacions i fundacions, educaci\u00f3, [&hellip;]<\/p>\n","protected":false},"author":2,"featured_media":0,"parent":0,"menu_order":0,"comment_status":"closed","ping_status":"closed","template":"page-crear.php","meta":{"footnotes":""},"class_list":["post-2192067","page","type-page","status-publish","hentry"],"aioseo_notices":[],"_links":{"self":[{"href":"https:\/\/setmananatura.cat\/2021\/wp-json\/wp\/v2\/pages\/2192067","targetHints":{"allow":["GET"]}}],"collection":[{"href":"https:\/\/setmananatura.cat\/2021\/wp-json\/wp\/v2\/pages"}],"about":[{"href":"https:\/\/setmananatura.cat\/2021\/wp-json\/wp\/v2\/types\/page"}],"author":[{"embeddable":true,"href":"https:\/\/setmananatura.cat\/2021\/wp-json\/wp\/v2\/users\/2"}],"replies":[{"embeddable":true,"href":"https:\/\/setmananatura.cat\/2021\/wp-json\/wp\/v2\/comments?post=2192067"}],"version-history":[{"count":9,"href":"https:\/\/setmananatura.cat\/2021\/wp-json\/wp\/v2\/pages\/2192067\/revisions"}],"predecessor-version":[{"id":2195412,"href":"https:\/\/setmananatura.cat\/2021\/wp-json\/wp\/v2\/pages\/2192067\/revisions\/2195412"}],"wp:attachment":[{"href":"https:\/\/setmananatura.cat\/2021\/wp-json\/wp\/v2\/media?parent=2192067"}],"curies":[{"name":"wp","href":"https:\/\/api.w.org\/{rel}","templated":true}]}}