{"id":2192001,"date":"2020-02-05T09:40:39","date_gmt":"2020-02-05T08:40:39","guid":{"rendered":"http:\/\/setmananatura.cat\/2021\/?page_id=2192001"},"modified":"2021-04-09T12:19:39","modified_gmt":"2021-04-09T10:19:39","slug":"com-participar","status":"publish","type":"page","link":"https:\/\/setmananatura.cat\/2021\/com-participar\/","title":{"rendered":"Com participar"},"content":{"rendered":"<p><strong>Pots participar:<\/strong><\/p>\n<p><a href=\"https:\/\/setmananatura.cat\/2021\/organitza-una-activitat\/\"><img loading=\"lazy\" decoding=\"async\" class=\"alignnone wp-image-2192204\" src=\"http:\/\/setmananatura.cat\/2021\/wp-content\/uploads\/sites\/10\/2020\/03\/participa_2_1.jpg\" alt=\"\" width=\"126\" height=\"136\" \/><\/a>\u00a0 \u00a0 \u00a0 \u00a0 <a href=\"https:\/\/setmananatura.cat\/2021\/participa-a-una-activitat\/\"><img loading=\"lazy\" decoding=\"async\" class=\"alignnone wp-image-2192206\" src=\"http:\/\/setmananatura.cat\/2021\/wp-content\/uploads\/sites\/10\/2020\/03\/participa_2_3.jpg\" alt=\"\" width=\"129\" height=\"131\" \/><\/a> \u00a0 \u00a0 \u00a0<a href=\"https:\/\/setmananatura.cat\/2021\/difon-la-setmana-natura\/\"><img loading=\"lazy\" decoding=\"async\" class=\"alignnone wp-image-2192205\" src=\"http:\/\/setmananatura.cat\/2021\/wp-content\/uploads\/sites\/10\/2020\/03\/participa_2_2.jpg\" alt=\"\" width=\"129\" height=\"128\" \/><\/a><\/p>\n<p>1. Des de la vostra organitzaci\u00f3 podeu <strong>organitzar una activitat<\/strong> i penjar-la a la web a trav\u00e9s del <a href=\"https:\/\/setmananatura.cat\/2021\/afegir-activitat\/\">seg\u00fcent formulari<\/a> (teniu temps <strong>fins el 10 de maig<\/strong>). Es revisar\u00e0 la informaci\u00f3 penjada i si tot \u00e9s correcte, es publicar\u00e0 en un termini de dos o tres dies laborables. Tot seguit, us farem arribar per correu postal els <strong>bra\u00e7alets #setmananatura<\/strong> per repartir entre els participants el dia de l\u2019activitat. Escriu-nos a info@setmananatura.cat quan els hagis rebut!<\/p>\n<p>2. Una altra forma de participar \u00e9s <strong>escollir una o diverses activitats<\/strong> i assistir-hi durant la setmana, posant-vos en contacte amb l\u2019entitat organitzadora.<\/p>\n<p>3. Indispensable per garantir l\u2019\u00e8xit de la setmana, tamb\u00e9 podeu <strong>donar a con\u00e8ixer la campanya<\/strong> a les persones i col\u00b7lectius del vostre entorn: des del boca-orella, utilitzant el hashtag #setmananatura a xarxes socials o promovent l\u2019organitzaci\u00f3 d\u2019activitats al vostre municipi!<\/p>\n","protected":false},"excerpt":{"rendered":"<p>Pots participar: \u00a0 \u00a0 \u00a0 \u00a0 \u00a0 \u00a0 \u00a0 1. Des de la vostra organitzaci\u00f3 podeu organitzar una activitat i penjar-la a la web a trav\u00e9s del seg\u00fcent formulari (teniu temps fins el 10 de maig). Es revisar\u00e0 la informaci\u00f3 penjada i si tot \u00e9s correcte, es publicar\u00e0 en un termini de dos o tres [&hellip;]<\/p>\n","protected":false},"author":1,"featured_media":0,"parent":0,"menu_order":0,"comment_status":"closed","ping_status":"closed","template":"page-crear.php","meta":{"footnotes":""},"class_list":["post-2192001","page","type-page","status-publish","hentry"],"aioseo_notices":[],"_links":{"self":[{"href":"https:\/\/setmananatura.cat\/2021\/wp-json\/wp\/v2\/pages\/2192001","targetHints":{"allow":["GET"]}}],"collection":[{"href":"https:\/\/setmananatura.cat\/2021\/wp-json\/wp\/v2\/pages"}],"about":[{"href":"https:\/\/setmananatura.cat\/2021\/wp-json\/wp\/v2\/types\/page"}],"author":[{"embeddable":true,"href":"https:\/\/setmananatura.cat\/2021\/wp-json\/wp\/v2\/users\/1"}],"replies":[{"embeddable":true,"href":"https:\/\/setmananatura.cat\/2021\/wp-json\/wp\/v2\/comments?post=2192001"}],"version-history":[{"count":11,"href":"https:\/\/setmananatura.cat\/2021\/wp-json\/wp\/v2\/pages\/2192001\/revisions"}],"predecessor-version":[{"id":2194292,"href":"https:\/\/setmananatura.cat\/2021\/wp-json\/wp\/v2\/pages\/2192001\/revisions\/2194292"}],"wp:attachment":[{"href":"https:\/\/setmananatura.cat\/2021\/wp-json\/wp\/v2\/media?parent=2192001"}],"curies":[{"name":"wp","href":"https:\/\/api.w.org\/{rel}","templated":true}]}}