{"id":2191993,"date":"2020-01-22T13:36:32","date_gmt":"2020-01-22T11:36:32","guid":{"rendered":"http:\/\/setmananatura.cat\/2021\/?page_id=2191993"},"modified":"2021-06-14T15:11:59","modified_gmt":"2021-06-14T13:11:59","slug":"premsa","status":"publish","type":"page","link":"https:\/\/setmananatura.cat\/2021\/premsa\/","title":{"rendered":"Premsa"},"content":{"rendered":"<p>En aquest apartat trobareu properament les notes de premsa que elaborem per l&#8217;edici\u00f3 2021 de la Setmana Natura.<\/p>\n<ol>\n<li><a href=\"http:\/\/setmananatura.cat\/2021\/wp-content\/uploads\/sites\/10\/2021\/05\/Dossier-de-premsaDEF_compressed.pdf\">Dossier de premsa 2021<\/a><\/li>\n<li><a href=\"http:\/\/setmananatura.cat\/2021\/wp-content\/uploads\/sites\/10\/2021\/05\/Nota_premsa_SN21_inici.pdf\">Nota de premsa &#8211; Inici de la Setmana Natura 2021<\/a><\/li>\n<\/ol>\n<p><a href=\"http:\/\/setmananatura.cat\/2021\/wp-content\/uploads\/sites\/10\/2021\/05\/Imatge1_SetmanaNatura.png\">Imatge 1<\/a> \/ <a href=\"http:\/\/setmananatura.cat\/2021\/wp-content\/uploads\/sites\/10\/2021\/05\/Imatge2_GEPEC.jpg\">Imatge 2<\/a> \/ <a href=\"http:\/\/setmananatura.cat\/2021\/wp-content\/uploads\/sites\/10\/2021\/05\/Imatge3_MolidelFort.jpg\">Imatge 3<\/a> \/ <a href=\"http:\/\/setmananatura.cat\/2021\/wp-content\/uploads\/sites\/10\/2021\/05\/Imatge4_Graellsia.jpg\">Imatge 4<\/a><\/p>\n<p>3. <a href=\"http:\/\/setmananatura.cat\/2021\/wp-content\/uploads\/sites\/10\/2021\/06\/Nota_premsa_SN21_final.pdf\">Nota de premsa &#8211; Final de la Setmana Natura 2021<\/a><\/p>\n<p><a href=\"http:\/\/setmananatura.cat\/2021\/wp-content\/uploads\/sites\/10\/2021\/06\/1_ARBA_litoral.jpg\">Imatge 1<\/a> \/ <a href=\"http:\/\/setmananatura.cat\/2021\/wp-content\/uploads\/sites\/10\/2021\/06\/2_Eixarcolant-scaled.jpg\">Imatge 2<\/a> \/ <a href=\"http:\/\/setmananatura.cat\/2021\/wp-content\/uploads\/sites\/10\/2021\/06\/3_Olesa_Montserrat.jpg\">Imatge 3<\/a> \/ <a href=\"http:\/\/setmananatura.cat\/2021\/wp-content\/uploads\/sites\/10\/2021\/06\/4_Presentacio_llibre_coricalero.jpg\">Imatge 4<\/a> \/ <a href=\"http:\/\/setmananatura.cat\/2021\/wp-content\/uploads\/sites\/10\/2021\/06\/5_Concert_ADENC-scaled.jpg\">Imatge 5<\/a> \/ <a href=\"http:\/\/setmananatura.cat\/2021\/wp-content\/uploads\/sites\/10\/2021\/06\/6_Espigoladors.jpeg\">Imatge 6<\/a><\/p>\n<p>&nbsp;<\/p>\n<p>4. Clipping de premsa:<\/p>\n<p><a href=\"https:\/\/www.ccma.cat\/tv3\/alacarta\/tot-es-mou\/tot-es-mou-24052021\/video\/6102286\/\"><strong>Tot es mou<\/strong>, TV3 &#8211; 24\/05\/21 &#8211; minut 2:27:20<\/a><\/p>\n<p><a href=\"https:\/\/www.jornal.cat\/noticia\/37436\/es-en-un-moment-clau-per-evitar-lextincio-massiva-despecies-en-que-ens-trobem?utm_source=dlvr.it&amp;utm_medium=twitter\"><strong>Jornal<\/strong>. \u00c9s un moment clau per evitar l&#8217;extinci\u00f3 massiva d&#8217;esp\u00e8cies en qu\u00e8 ens trobem. 26\/05\/21<\/a><\/p>\n<p><a href=\"https:\/\/www.descobrir.cat\/ca\/notices\/2021\/05\/la-6a-setmana-de-la-natura-programa-mes-de-200-activitats-4821.php\"><strong>Descobrir<\/strong>. La 6a Setmana de la Natura programa m\u00e9s de 200 activitats. 25\/05\/2021<\/a><\/p>\n<p><a href=\"https:\/\/xarxanet.org\/ambiental\/noticies\/la-setmana-de-la-natura-torna-amb-forca-celebrar-la-seva-edicio-mes-necessaria\"><strong>Xarxanet<\/strong>. La Setmana de la Natura torna amb for\u00e7a per celebrar la seva edici\u00f3 m\u00e9s necess\u00e0ria. 21\/05\/2021<\/a><\/p>\n<p><a href=\"https:\/\/www.sostenible.cat\/article\/setmana-de-la-natura-2021\"><strong>Sostenible.cat.<\/strong> Setmana de la Natura 2021! 12\/05\/2021<\/a><\/p>\n<p><a href=\"https:\/\/www.diaridebarcelona.cat\/w\/setmana-naturalesa-2021-catalunya-reuneix-350-activitats?redirect=%2F\"><strong>Diari de Barcelona<\/strong>. La Setmana de la Natura 2021 a Catalunya reuneix m\u00e9s de 350 activitats. 24\/05\/21<\/a><\/p>\n<p><a href=\"https:\/\/www.barcelona.cat\/barcelonacultura\/ca\/recomanem\/setmana-natura-2021\"><strong>Barcelona Cultura<\/strong>. La natura ens dona vida. 21\/05\/21<\/a><\/p>\n<p>&nbsp;<\/p>\n<p><strong>Trobar\u00e0s m\u00e9s materials de comunicaci\u00f3 a &#8216;<em><a href=\"https:\/\/setmananatura.cat\/2021\/difon-la-setmana-natura\/\">Difon la Setmana Natura<\/a><\/em>&#8216;.<\/strong><\/p>\n","protected":false},"excerpt":{"rendered":"<p>En aquest apartat trobareu properament les notes de premsa que elaborem per l&#8217;edici\u00f3 2021 de la Setmana Natura. Dossier de premsa 2021 Nota de premsa &#8211; Inici de la Setmana Natura 2021 Imatge 1 \/ Imatge 2 \/ Imatge 3 \/ Imatge 4 3. Nota de premsa &#8211; Final de la Setmana Natura 2021 Imatge [&hellip;]<\/p>\n","protected":false},"author":1,"featured_media":0,"parent":0,"menu_order":0,"comment_status":"closed","ping_status":"closed","template":"page-no-sidebar.php","meta":{"footnotes":""},"class_list":["post-2191993","page","type-page","status-publish","hentry"],"aioseo_notices":[],"_links":{"self":[{"href":"https:\/\/setmananatura.cat\/2021\/wp-json\/wp\/v2\/pages\/2191993","targetHints":{"allow":["GET"]}}],"collection":[{"href":"https:\/\/setmananatura.cat\/2021\/wp-json\/wp\/v2\/pages"}],"about":[{"href":"https:\/\/setmananatura.cat\/2021\/wp-json\/wp\/v2\/types\/page"}],"author":[{"embeddable":true,"href":"https:\/\/setmananatura.cat\/2021\/wp-json\/wp\/v2\/users\/1"}],"replies":[{"embeddable":true,"href":"https:\/\/setmananatura.cat\/2021\/wp-json\/wp\/v2\/comments?post=2191993"}],"version-history":[{"count":20,"href":"https:\/\/setmananatura.cat\/2021\/wp-json\/wp\/v2\/pages\/2191993\/revisions"}],"predecessor-version":[{"id":2196053,"href":"https:\/\/setmananatura.cat\/2021\/wp-json\/wp\/v2\/pages\/2191993\/revisions\/2196053"}],"wp:attachment":[{"href":"https:\/\/setmananatura.cat\/2021\/wp-json\/wp\/v2\/media?parent=2191993"}],"curies":[{"name":"wp","href":"https:\/\/api.w.org\/{rel}","templated":true}]}}