{"id":2192194,"date":"2020-03-05T15:58:08","date_gmt":"2020-03-05T14:58:08","guid":{"rendered":"http:\/\/setmananatura.cat\/2020\/?page_id=2192194"},"modified":"2020-06-02T09:55:41","modified_gmt":"2020-06-02T07:55:41","slug":"organitzadors-associacions-i-fundacions","status":"publish","type":"page","link":"https:\/\/setmananatura.cat\/2020\/organitzadors-associacions-i-fundacions\/","title":{"rendered":"Organitzadors: Associacions i fundacions"},"content":{"rendered":"<p>Aquest any volem posar especial \u00e8mfasi en la tasca di\u00e0ria que feu des de les <strong>entitats ambientals<\/strong> arreu del territori catal\u00e0, i promoure el coneixement entre la ciutadania de l\u2019estat cr\u00edtic de la biodiversitat a Catalunya.<\/p>\n<p>Volem incentivar que la societat passi a l\u2019acci\u00f3 per la biodiversitat a trav\u00e9s del voluntariat ambiental amb vosaltres. Per aix\u00f2 el lema de la Setmana Natura 2020 ser\u00e0:<\/p>\n<p><span style=\"color: #008000;\"><strong>PASSA A L\u2019ACCI\u00d3 PER LA BIODIVERSITAT! Amb les entitats ambientals.<\/strong><\/span><\/p>\n<p><strong><a href=\"https:\/\/setmananatura.cat\/2020\/wp-content\/uploads\/sites\/9\/2020\/03\/SN_entitats_2020.pdf\">Consulta aqu\u00ed el dossier per entitats ambientals.<\/a><\/strong><\/p>\n<p>Del 3 a l&#8217;11 d&#8217;octubre, organitzeu una activitat per donar a con\u00e8ixer la vostra tasca, <strong>qu\u00e8 aporteu per evitar la p\u00e8rdua de biodiversitat<\/strong> o per implicar la ciutadania per la conservaci\u00f3 de la natura a trav\u00e9s del <strong>voluntariat ambiental<\/strong>: \u00e9s una oportunitat per visibilitzar la vostra tasca di\u00e0ria!<\/p>\n<p>Des de l\u2019organitzaci\u00f3 de la setmana utilitzarem diferents eines per donar a con\u00e8ixer les vostres activitats i els projectes de la vostra entitat: xarxes socials, mitjans de comunicaci\u00f3, web, not\u00edcies, contacte amb diferents col\u00b7lectius, promoci\u00f3 de la setmana amb prescriptors i influencers, etc.<\/p>\n<p><strong>Tens dubtes?<\/strong> Escriu-nos a info@setmananatura.cat<\/p>\n<h3><span style=\"color: #008000;\"><strong>Com es pot participar?<\/strong><\/span><\/h3>\n<p>\u25cf\u00a0\u00a0\u00a0 Organitza una activitat per conservar la natura i puja-la a trav\u00e9s del <a href=\"https:\/\/setmananatura.cat\/2020\/afegir-activitat\/\">formulari web<\/a>. Pots fer-ho <strong>fins el 12 de setembre de 2020.<\/strong><\/p>\n<p>Implica a la societat per la conservaci\u00f3 de la natura amb el voluntariat ambiental!<\/p>\n<p>Altres activitats poden ser: sortides de descoberta, censos, plantades, dinars de d\u2019aprofitament, debats, confer\u00e8ncies, xerrades, tallers&#8230; Utilitzeu la creativitat per donar a con\u00e8ixer les accions que realitza la vostra entitat per evitar la p\u00e8rdua de biodiversitat a Catalunya.<\/p>\n<p>\u25cf\u00a0\u00a0\u00a0 Convida el teu entorn a sumar-s&#8217;hi i a organitzar noves activitats: a les associacions de ve\u00efns i ve\u00efnes, ajuntaments, associacions juvenils, escoles, empreses o entitats socials\u2026<\/p>\n<p>\u25cf\u00a0\u00a0\u00a0 Difon la Setmana Natura pr\u00e8viament al vostre entorn, per donar-la a con\u00e8ixer a tothom qui pugui estar interessat en organitzar una activitat o participar a les activitats (contacta amb mitjans locals, parlant amb coneguts, amb les entitats properes, etc.)<\/p>\n<p>\u25cf\u00a0\u00a0\u00a0 El dia de l\u2019activitat, promociona-la a les xarxes socials amb l&#8217;etiqueta #setmananatura, publicant les fotos de les vostres activitats!<\/p>\n<p>Us farem arribar el bra\u00e7alet solidari #setmananatura perqu\u00e8 ho repartiu entre els participants de les vostres activitats!<\/p>\n<p>Durant la Setmana, podeu seguir totes les activitats que es faran a trav\u00e9s de les xarxes socials amb el hashtag\u00a0<strong>#setmananatura<\/strong>. Tamb\u00e9 podeu seguir-nos a\u00a0Facebook,\u00a0Twitter\u00a0o\u00a0Instagram\u00a0al perfil @SetmanaNatura.<\/p>\n<p>Per qualsevol dubte o suggeriment, poseu-vos en contacte amb nosaltres a<strong>\u00a0info@setmananatura.cat<\/strong>\u00a0i us informarem!<\/p>\n","protected":false},"excerpt":{"rendered":"<p>Aquest any volem posar especial \u00e8mfasi en la tasca di\u00e0ria que feu des de les entitats ambientals arreu del territori catal\u00e0, i promoure el coneixement entre la ciutadania de l\u2019estat cr\u00edtic de la biodiversitat a Catalunya. Volem incentivar que la societat passi a l\u2019acci\u00f3 per la biodiversitat a trav\u00e9s del voluntariat ambiental amb vosaltres. Per [&hellip;]<\/p>\n","protected":false},"author":2,"featured_media":0,"parent":0,"menu_order":0,"comment_status":"closed","ping_status":"closed","template":"page-crear.php","meta":{"footnotes":""},"class_list":["post-2192194","page","type-page","status-publish","hentry"],"aioseo_notices":[],"_links":{"self":[{"href":"https:\/\/setmananatura.cat\/2020\/wp-json\/wp\/v2\/pages\/2192194","targetHints":{"allow":["GET"]}}],"collection":[{"href":"https:\/\/setmananatura.cat\/2020\/wp-json\/wp\/v2\/pages"}],"about":[{"href":"https:\/\/setmananatura.cat\/2020\/wp-json\/wp\/v2\/types\/page"}],"author":[{"embeddable":true,"href":"https:\/\/setmananatura.cat\/2020\/wp-json\/wp\/v2\/users\/2"}],"replies":[{"embeddable":true,"href":"https:\/\/setmananatura.cat\/2020\/wp-json\/wp\/v2\/comments?post=2192194"}],"version-history":[{"count":10,"href":"https:\/\/setmananatura.cat\/2020\/wp-json\/wp\/v2\/pages\/2192194\/revisions"}],"predecessor-version":[{"id":2192609,"href":"https:\/\/setmananatura.cat\/2020\/wp-json\/wp\/v2\/pages\/2192194\/revisions\/2192609"}],"wp:attachment":[{"href":"https:\/\/setmananatura.cat\/2020\/wp-json\/wp\/v2\/media?parent=2192194"}],"curies":[{"name":"wp","href":"https:\/\/api.w.org\/{rel}","templated":true}]}}