{"id":2192192,"date":"2020-03-05T15:57:51","date_gmt":"2020-03-05T14:57:51","guid":{"rendered":"http:\/\/setmananatura.cat\/2020\/?page_id=2192192"},"modified":"2020-06-02T09:56:38","modified_gmt":"2020-06-02T07:56:38","slug":"organitzadors-educacio","status":"publish","type":"page","link":"https:\/\/setmananatura.cat\/2020\/organitzadors-educacio\/","title":{"rendered":"Organitzadors: Educaci\u00f3"},"content":{"rendered":"<p>Les noves generacions s\u2019estan mobilitzant per la crisi clim\u00e0tica i ecol\u00f2gica actual. \u00c9s per aix\u00f2 tan important consolidar la tasca dels centres escolars que treballeu per fomentar la sostenibilitat, per mostrar com infants i joves poden passar a l\u2019acci\u00f3 per la conservaci\u00f3 de la natura.<\/p>\n<p><strong>Per aquest motiu us convidem a formar part de la Setmana de la Natura 2020!\u00a0<\/strong><\/p>\n<p><a href=\"http:\/\/setmananatura.cat\/2020\/wp-content\/uploads\/sites\/9\/2020\/03\/SN_educacio_2020.pdf\"><strong>Consulta aqu\u00ed el dossier per centres educatius.<\/strong><\/a><\/p>\n<h3><span style=\"color: #008000;\"><strong>Qu\u00e8 \u00e9s?<\/strong><\/span><\/h3>\n<p>La Setmana de la Natura s\u2019organitza al voltant del dia mundial del medi ambient del 5 de juny, \u00e9s un moment de l\u2019any on tothom pot posar el seu granet de sorra i contribuir a la conservaci\u00f3 de la natura i el medi ambient.<\/p>\n<p>L\u2019objectiu \u00e9s organitzar activitats arreu de Catalunya per sensibilitzar sobre la necessitat de conservar el nostre entorn, l\u2019aire, l\u2019aigua, la terra, la fauna i flora, i els ecosistemes d\u2019arreu del territori.<\/p>\n<p>Animem als centres educatius a promoure i organitzar activitats entorn la conservaci\u00f3 del patrimoni natural i el medi ambient, amb l\u2019objectiu de fomentar la sensibilitat ambiental dels infants i joves i promoure la seva implicaci\u00f3.<\/p>\n<p><strong>D\u2019entre totes les escoles que participeu a la Setmana Natura, sortejarem un taller de natura gratu\u00eft de la m\u00e0 d&#8217;una entitat ambiental.<\/strong><\/p>\n<h3><span style=\"color: #008000;\"><strong>Com hi podeu participar?<\/strong><\/span><\/h3>\n<p>Hi ha infinites opcions per participar-hi, nom\u00e9s cal que trobeu la que s\u2019avingui millor a la vostra escola:<\/p>\n<p>1.\u00a0\u00a0\u00a0\u00a0\u00a0\u00a0 <strong>Organitza una activitat a l\u2019escola:<\/strong> una excursi\u00f3 per un entorn natural proper, una xerrada sobre fauna o flora, el passi d\u2019una pel\u00b7l\u00edcula o documental, un debat sobre com podem implicar-nos per evitar la p\u00e8rdua de biodiversitat, jocs per identificar les causes de la crisi ecol\u00f2gica&#8230; s\u00f3n nom\u00e9s alguns exemples d\u2019activitats que podeu organitzar des del vostre centre.<\/p>\n<p>Alguns exemples d\u2019activitats organitzades per escoles en edicions anteriors:<\/p>\n<p>Fem natura a l\u2019escola el Temple de Tortosa. L\u2019escola va organitzar diferents activitats al llarg de la setmana, com una neteja del pati, realitzaci\u00f3 de cartells per les plantes i flors del jard\u00ed i un taller d\u2019elaboraci\u00f3 de caixes niu per atraure ocells.<\/p>\n<p>Dia residu zero. Activitat conjunta de la xarxa d\u2019Escoles Verdes de l\u2019Alt Urgell i Cerdanya per no generar cap residu a l\u2019esmorzar del dia 5 de juny.<\/p>\n<p>2.\u00a0\u00a0\u00a0\u00a0\u00a0\u00a0 <strong>Col\u00b7labora amb una entitat ambiental:<\/strong> segur que al vostre municipi hi ha alguna entitat ambiental sense \u00e0nim de lucre que treballa per la conservaci\u00f3 de la natura i el medi ambient. Contacta-hi i sumeu esfor\u00e7os per organitzar una activitat divertida i atractiva pels infants. I si no trobes cap entitat, nosaltres t\u2019ajudem!<\/p>\n<p><strong>Pots contactar-nos a:<\/strong> info@setmananatura.cat<\/p>\n<p>Anellament dels polls de cigonya als jardins de Peralada. Col\u00b7laboraci\u00f3 entre les escoles de l\u2019Alt Empord\u00e0 i l\u2019entitat APNAE.<\/p>\n<p>Fes una plantada d\u2019arbres, construeix caixes niu per ocells, fes una sortida de descoberta d\u2019un entorn natural de la m\u00e0 d\u2019un professional, visita un centre de recuperaci\u00f3 de fauna, fes una din\u00e0mica a classe per estalviar recursos naturals, tallers, xerrades&#8230; S\u00f3n altres exemples d\u2019activitats que et poden oferir les entitats ambientals!<\/p>\n<p>3.\u00a0\u00a0\u00a0\u00a0\u00a0\u00a0 <strong>Cerca la col\u00b7laboraci\u00f3 de les fam\u00edlies:<\/strong> les AFA\u2019s tamb\u00e9 poden organitzar alguna activitat, de manera que tota la comunitat educativa us impliqueu conjuntament per la conservaci\u00f3 de la natura.<\/p>\n<p>Un cop organitzada l\u2019activitat, la podeu introduir a <a href=\"http:\/\/www.setmananatura.cat\">setmananatura.cat<\/a> a trav\u00e9s del <a href=\"https:\/\/setmananatura.cat\/2020\/afegir-activitat\/\">formulari web<\/a> (podreu fer-ho <strong>fins el 12 de setembre<\/strong>).<\/p>\n","protected":false},"excerpt":{"rendered":"<p>Les noves generacions s\u2019estan mobilitzant per la crisi clim\u00e0tica i ecol\u00f2gica actual. \u00c9s per aix\u00f2 tan important consolidar la tasca dels centres escolars que treballeu per fomentar la sostenibilitat, per mostrar com infants i joves poden passar a l\u2019acci\u00f3 per la conservaci\u00f3 de la natura. Per aquest motiu us convidem a formar part de la [&hellip;]<\/p>\n","protected":false},"author":2,"featured_media":0,"parent":0,"menu_order":0,"comment_status":"closed","ping_status":"closed","template":"page-crear.php","meta":{"footnotes":""},"class_list":["post-2192192","page","type-page","status-publish","hentry"],"aioseo_notices":[],"_links":{"self":[{"href":"https:\/\/setmananatura.cat\/2020\/wp-json\/wp\/v2\/pages\/2192192","targetHints":{"allow":["GET"]}}],"collection":[{"href":"https:\/\/setmananatura.cat\/2020\/wp-json\/wp\/v2\/pages"}],"about":[{"href":"https:\/\/setmananatura.cat\/2020\/wp-json\/wp\/v2\/types\/page"}],"author":[{"embeddable":true,"href":"https:\/\/setmananatura.cat\/2020\/wp-json\/wp\/v2\/users\/2"}],"replies":[{"embeddable":true,"href":"https:\/\/setmananatura.cat\/2020\/wp-json\/wp\/v2\/comments?post=2192192"}],"version-history":[{"count":5,"href":"https:\/\/setmananatura.cat\/2020\/wp-json\/wp\/v2\/pages\/2192192\/revisions"}],"predecessor-version":[{"id":2192610,"href":"https:\/\/setmananatura.cat\/2020\/wp-json\/wp\/v2\/pages\/2192192\/revisions\/2192610"}],"wp:attachment":[{"href":"https:\/\/setmananatura.cat\/2020\/wp-json\/wp\/v2\/media?parent=2192192"}],"curies":[{"name":"wp","href":"https:\/\/api.w.org\/{rel}","templated":true}]}}