{"id":2192083,"date":"2020-03-04T15:50:39","date_gmt":"2020-03-04T14:50:39","guid":{"rendered":"http:\/\/setmananatura.cat\/2020\/?page_id=2192083"},"modified":"2020-03-05T13:34:43","modified_gmt":"2020-03-05T12:34:43","slug":"edicions-anteriors","status":"publish","type":"page","link":"https:\/\/setmananatura.cat\/2020\/edicions-anteriors\/","title":{"rendered":"Edicions anteriors"},"content":{"rendered":"<p>Aqu\u00ed podr\u00e0s accedir a les edicions anteriors per veure quines activitats es van organitzar:<\/p>\n<h2><a href=\"https:\/\/setmananatura.cat\/2017\/\">Edici\u00f3 2017<\/a><\/h2>\n<h2><a href=\"https:\/\/setmananatura.cat\/2018\/#!\/llistat\">Edici\u00f3 2018<\/a><\/h2>\n<h2><a href=\"https:\/\/setmananatura.cat\/2019\/#!\/llistat\">Edici\u00f3 2019<\/a><\/h2>\n","protected":false},"excerpt":{"rendered":"<p>Aqu\u00ed podr\u00e0s accedir a les edicions anteriors per veure quines activitats es van organitzar: Edici\u00f3 2017 Edici\u00f3 2018 Edici\u00f3 2019<\/p>\n","protected":false},"author":2,"featured_media":0,"parent":0,"menu_order":0,"comment_status":"closed","ping_status":"closed","template":"","meta":{"footnotes":""},"class_list":["post-2192083","page","type-page","status-publish","hentry"],"aioseo_notices":[],"_links":{"self":[{"href":"https:\/\/setmananatura.cat\/2020\/wp-json\/wp\/v2\/pages\/2192083","targetHints":{"allow":["GET"]}}],"collection":[{"href":"https:\/\/setmananatura.cat\/2020\/wp-json\/wp\/v2\/pages"}],"about":[{"href":"https:\/\/setmananatura.cat\/2020\/wp-json\/wp\/v2\/types\/page"}],"author":[{"embeddable":true,"href":"https:\/\/setmananatura.cat\/2020\/wp-json\/wp\/v2\/users\/2"}],"replies":[{"embeddable":true,"href":"https:\/\/setmananatura.cat\/2020\/wp-json\/wp\/v2\/comments?post=2192083"}],"version-history":[{"count":3,"href":"https:\/\/setmananatura.cat\/2020\/wp-json\/wp\/v2\/pages\/2192083\/revisions"}],"predecessor-version":[{"id":2192156,"href":"https:\/\/setmananatura.cat\/2020\/wp-json\/wp\/v2\/pages\/2192083\/revisions\/2192156"}],"wp:attachment":[{"href":"https:\/\/setmananatura.cat\/2020\/wp-json\/wp\/v2\/media?parent=2192083"}],"curies":[{"name":"wp","href":"https:\/\/api.w.org\/{rel}","templated":true}]}}