{"id":2192080,"date":"2020-03-04T15:50:28","date_gmt":"2020-03-04T14:50:28","guid":{"rendered":"http:\/\/setmananatura.cat\/2020\/?page_id=2192080"},"modified":"2020-03-05T18:22:52","modified_gmt":"2020-03-05T17:22:52","slug":"galeries","status":"publish","type":"page","link":"https:\/\/setmananatura.cat\/2020\/galeries\/","title":{"rendered":"Galeria"},"content":{"rendered":"<p>Vols veure com van ser les activitats per la natura de les edicions anteriors? A continuaci\u00f3 trobar\u00e0s una galeria de fotos per cada edici\u00f3 passada de la Setmana de la Natura:<\/p>\n<h2><strong><a href=\"https:\/\/setmananatura.cat\/2020\/galeria-fotos-2017\/\">Galeria de fotos 2017<\/a><\/strong><\/h2>\n<h2><strong><a href=\"https:\/\/setmananatura.cat\/2020\/galeria-fotos-2018\/\">Galeria de fotos 2018<\/a><\/strong><\/h2>\n<h2><strong><a href=\"https:\/\/setmananatura.cat\/2020\/galeria-fotos-2019\/\">Galeria de fotos 2019<\/a><\/strong><\/h2>\n<p>&nbsp;<\/p>\n","protected":false},"excerpt":{"rendered":"<p>Vols veure com van ser les activitats per la natura de les edicions anteriors? A continuaci\u00f3 trobar\u00e0s una galeria de fotos per cada edici\u00f3 passada de la Setmana de la Natura: Galeria de fotos 2017 Galeria de fotos 2018 Galeria de fotos 2019 &nbsp;<\/p>\n","protected":false},"author":2,"featured_media":0,"parent":0,"menu_order":0,"comment_status":"closed","ping_status":"closed","template":"","meta":{"footnotes":""},"class_list":["post-2192080","page","type-page","status-publish","hentry"],"aioseo_notices":[],"_links":{"self":[{"href":"https:\/\/setmananatura.cat\/2020\/wp-json\/wp\/v2\/pages\/2192080","targetHints":{"allow":["GET"]}}],"collection":[{"href":"https:\/\/setmananatura.cat\/2020\/wp-json\/wp\/v2\/pages"}],"about":[{"href":"https:\/\/setmananatura.cat\/2020\/wp-json\/wp\/v2\/types\/page"}],"author":[{"embeddable":true,"href":"https:\/\/setmananatura.cat\/2020\/wp-json\/wp\/v2\/users\/2"}],"replies":[{"embeddable":true,"href":"https:\/\/setmananatura.cat\/2020\/wp-json\/wp\/v2\/comments?post=2192080"}],"version-history":[{"count":7,"href":"https:\/\/setmananatura.cat\/2020\/wp-json\/wp\/v2\/pages\/2192080\/revisions"}],"predecessor-version":[{"id":2192157,"href":"https:\/\/setmananatura.cat\/2020\/wp-json\/wp\/v2\/pages\/2192080\/revisions\/2192157"}],"wp:attachment":[{"href":"https:\/\/setmananatura.cat\/2020\/wp-json\/wp\/v2\/media?parent=2192080"}],"curies":[{"name":"wp","href":"https:\/\/api.w.org\/{rel}","templated":true}]}}