{"id":2192074,"date":"2020-03-04T15:43:42","date_gmt":"2020-03-04T14:43:42","guid":{"rendered":"http:\/\/setmananatura.cat\/2020\/?page_id=2192074"},"modified":"2020-10-01T09:39:47","modified_gmt":"2020-10-01T07:39:47","slug":"difon-la-setmana-natura","status":"publish","type":"page","link":"https:\/\/setmananatura.cat\/2020\/difon-la-setmana-natura\/","title":{"rendered":"Difon la Setmana Natura"},"content":{"rendered":"<h3><strong>Ajuda&#8217;ns a fer arribar la implicaci\u00f3 per la natura a tot arreu!\u00a0<\/strong><\/h3>\n<p>A continuaci\u00f3 trobar\u00e0s diferents materials per difondre la Setmana Natura a trav\u00e9s de xarxes socials o per compartir amb les teves amistats, familiars i coneguts.<\/p>\n<p>Utilitza el hashtag <strong>#setmananatura<\/strong> amb les imatges!<\/p>\n<p><strong>Logo Setmana Natura 2020<\/strong><\/p>\n<p><a href=\"http:\/\/setmananatura.cat\/2020\/wp-content\/uploads\/sites\/9\/2020\/06\/logo_sn_2020_ambany.png\"><img loading=\"lazy\" decoding=\"async\" class=\"wp-image-2192613 size-medium alignleft\" src=\"http:\/\/setmananatura.cat\/2020\/wp-content\/uploads\/sites\/9\/2020\/06\/logo_sn_2020_ambany-300x122.png\" alt=\"\" width=\"300\" height=\"122\" srcset=\"https:\/\/setmananatura.cat\/2020\/wp-content\/uploads\/sites\/9\/2020\/06\/logo_sn_2020_ambany-300x122.png 300w, https:\/\/setmananatura.cat\/2020\/wp-content\/uploads\/sites\/9\/2020\/06\/logo_sn_2020_ambany-1024x415.png 1024w, https:\/\/setmananatura.cat\/2020\/wp-content\/uploads\/sites\/9\/2020\/06\/logo_sn_2020_ambany-768x311.png 768w, https:\/\/setmananatura.cat\/2020\/wp-content\/uploads\/sites\/9\/2020\/06\/logo_sn_2020_ambany-1536x623.png 1536w, https:\/\/setmananatura.cat\/2020\/wp-content\/uploads\/sites\/9\/2020\/06\/logo_sn_2020_ambany-2048x830.png 2048w\" sizes=\"auto, (max-width: 300px) 100vw, 300px\" \/><\/a><\/p>\n<p>&nbsp;<\/p>\n<p>&nbsp;<\/p>\n<p>&nbsp;<\/p>\n<p>&nbsp;<\/p>\n<p><strong>Banner Setmana Natura 2020 &#8211; 1<\/strong><\/p>\n<p><a href=\"http:\/\/setmananatura.cat\/2020\/wp-content\/uploads\/sites\/9\/2020\/09\/DEF_banner_SN3-copia2.jpg\"><img loading=\"lazy\" decoding=\"async\" class=\"alignnone wp-image-2193129 size-full\" src=\"http:\/\/setmananatura.cat\/2020\/wp-content\/uploads\/sites\/9\/2020\/09\/DEF_banner_SN3-copia2.jpg\" alt=\"\" width=\"800\" height=\"320\" srcset=\"https:\/\/setmananatura.cat\/2020\/wp-content\/uploads\/sites\/9\/2020\/09\/DEF_banner_SN3-copia2.jpg 800w, https:\/\/setmananatura.cat\/2020\/wp-content\/uploads\/sites\/9\/2020\/09\/DEF_banner_SN3-copia2-300x120.jpg 300w, https:\/\/setmananatura.cat\/2020\/wp-content\/uploads\/sites\/9\/2020\/09\/DEF_banner_SN3-copia2-768x307.jpg 768w\" sizes=\"auto, (max-width: 800px) 100vw, 800px\" \/><\/a><\/p>\n<p><strong>V\u00eddeo promocional Setmana Natura 2020. <a href=\"https:\/\/we.tl\/t-N7SoNndspl\">Descarregable aqu\u00ed.<\/a><\/strong><\/p>\n<div class=\"video-wrapper\"><iframe loading=\"lazy\" title=\"Sense natura no hi ha vida - Participa a la Setmana de la Natura 2020!\" width=\"850\" height=\"478\" src=\"https:\/\/www.youtube.com\/embed\/45xgZobNBnw?feature=oembed\" frameborder=\"0\" allow=\"accelerometer; autoplay; clipboard-write; encrypted-media; gyroscope; picture-in-picture\" allowfullscreen><\/iframe><\/div>\n<p>&nbsp;<\/p>\n<p><strong>Cartell editable per organitzadors d&#8217;activitats. <a href=\"http:\/\/setmananatura.cat\/2020\/wp-content\/uploads\/sites\/9\/2020\/09\/cartell_sn2020_activitats.pptx\">Descarrega powerpoint aqu\u00ed.<\/a><\/strong><\/p>\n<p>&nbsp;<\/p>\n<p><strong>Banner Setmana Natura 2020 &#8211; 2<\/strong><\/p>\n<p><a href=\"http:\/\/setmananatura.cat\/2020\/wp-content\/uploads\/sites\/9\/2020\/09\/banners2_SN204.jpg\"><img loading=\"lazy\" decoding=\"async\" class=\"alignnone wp-image-2193355 size-large\" src=\"http:\/\/setmananatura.cat\/2020\/wp-content\/uploads\/sites\/9\/2020\/09\/banners2_SN204-1024x724.jpg\" alt=\"\" width=\"850\" height=\"601\" srcset=\"https:\/\/setmananatura.cat\/2020\/wp-content\/uploads\/sites\/9\/2020\/09\/banners2_SN204-1024x724.jpg 1024w, https:\/\/setmananatura.cat\/2020\/wp-content\/uploads\/sites\/9\/2020\/09\/banners2_SN204-300x212.jpg 300w, https:\/\/setmananatura.cat\/2020\/wp-content\/uploads\/sites\/9\/2020\/09\/banners2_SN204-768x543.jpg 768w, https:\/\/setmananatura.cat\/2020\/wp-content\/uploads\/sites\/9\/2020\/09\/banners2_SN204.jpg 1123w\" sizes=\"auto, (max-width: 850px) 100vw, 850px\" \/><\/a><\/p>\n<p><strong>Banner Setmana Natura 2020 &#8211; 3<\/strong><\/p>\n<p><a href=\"http:\/\/setmananatura.cat\/2020\/wp-content\/uploads\/sites\/9\/2020\/09\/banners2_SN205.jpg\"><img loading=\"lazy\" decoding=\"async\" class=\"alignnone wp-image-2193356 size-large\" src=\"http:\/\/setmananatura.cat\/2020\/wp-content\/uploads\/sites\/9\/2020\/09\/banners2_SN205-1024x724.jpg\" alt=\"\" width=\"850\" height=\"601\" srcset=\"https:\/\/setmananatura.cat\/2020\/wp-content\/uploads\/sites\/9\/2020\/09\/banners2_SN205-1024x724.jpg 1024w, https:\/\/setmananatura.cat\/2020\/wp-content\/uploads\/sites\/9\/2020\/09\/banners2_SN205-300x212.jpg 300w, https:\/\/setmananatura.cat\/2020\/wp-content\/uploads\/sites\/9\/2020\/09\/banners2_SN205-768x543.jpg 768w, https:\/\/setmananatura.cat\/2020\/wp-content\/uploads\/sites\/9\/2020\/09\/banners2_SN205.jpg 1123w\" sizes=\"auto, (max-width: 850px) 100vw, 850px\" \/><\/a><\/p>\n<p><strong>Banner Setmana Natura 2020 &#8211; 4<\/strong><\/p>\n<p><a href=\"http:\/\/setmananatura.cat\/2020\/wp-content\/uploads\/sites\/9\/2020\/09\/banners2_SN206.jpg\"><img loading=\"lazy\" decoding=\"async\" class=\"alignnone wp-image-2193357 size-large\" src=\"http:\/\/setmananatura.cat\/2020\/wp-content\/uploads\/sites\/9\/2020\/09\/banners2_SN206-1024x724.jpg\" alt=\"\" width=\"850\" height=\"601\" srcset=\"https:\/\/setmananatura.cat\/2020\/wp-content\/uploads\/sites\/9\/2020\/09\/banners2_SN206-1024x724.jpg 1024w, https:\/\/setmananatura.cat\/2020\/wp-content\/uploads\/sites\/9\/2020\/09\/banners2_SN206-300x212.jpg 300w, https:\/\/setmananatura.cat\/2020\/wp-content\/uploads\/sites\/9\/2020\/09\/banners2_SN206-768x543.jpg 768w, https:\/\/setmananatura.cat\/2020\/wp-content\/uploads\/sites\/9\/2020\/09\/banners2_SN206.jpg 1123w\" sizes=\"auto, (max-width: 850px) 100vw, 850px\" \/><\/a><\/p>\n<p><strong>Banner Setmana Natura 2020 &#8211; 5<\/strong><\/p>\n<p><a href=\"http:\/\/setmananatura.cat\/2020\/wp-content\/uploads\/sites\/9\/2020\/09\/banners2_SN207.jpg\"><img loading=\"lazy\" decoding=\"async\" class=\"alignnone wp-image-2193361 size-large\" src=\"http:\/\/setmananatura.cat\/2020\/wp-content\/uploads\/sites\/9\/2020\/09\/banners2_SN207-1024x724.jpg\" alt=\"\" width=\"850\" height=\"601\" srcset=\"https:\/\/setmananatura.cat\/2020\/wp-content\/uploads\/sites\/9\/2020\/09\/banners2_SN207-1024x724.jpg 1024w, https:\/\/setmananatura.cat\/2020\/wp-content\/uploads\/sites\/9\/2020\/09\/banners2_SN207-300x212.jpg 300w, https:\/\/setmananatura.cat\/2020\/wp-content\/uploads\/sites\/9\/2020\/09\/banners2_SN207-768x543.jpg 768w, https:\/\/setmananatura.cat\/2020\/wp-content\/uploads\/sites\/9\/2020\/09\/banners2_SN207.jpg 1123w\" sizes=\"auto, (max-width: 850px) 100vw, 850px\" \/><\/a><\/p>\n<p>&nbsp;<\/p>\n<p><strong>Imatge v\u00eddeo 1<\/strong><\/p>\n<p><a href=\"http:\/\/setmananatura.cat\/2020\/wp-content\/uploads\/sites\/9\/2020\/09\/video_2.jpg\"><img loading=\"lazy\" decoding=\"async\" class=\"alignnone wp-image-2193349 size-large\" src=\"http:\/\/setmananatura.cat\/2020\/wp-content\/uploads\/sites\/9\/2020\/09\/video_2-1024x576.jpg\" alt=\"\" width=\"850\" height=\"478\" srcset=\"https:\/\/setmananatura.cat\/2020\/wp-content\/uploads\/sites\/9\/2020\/09\/video_2-1024x576.jpg 1024w, https:\/\/setmananatura.cat\/2020\/wp-content\/uploads\/sites\/9\/2020\/09\/video_2-300x169.jpg 300w, https:\/\/setmananatura.cat\/2020\/wp-content\/uploads\/sites\/9\/2020\/09\/video_2-768x432.jpg 768w, https:\/\/setmananatura.cat\/2020\/wp-content\/uploads\/sites\/9\/2020\/09\/video_2.jpg 1366w\" sizes=\"auto, (max-width: 850px) 100vw, 850px\" \/><\/a><\/p>\n<p><strong>Imatge v\u00eddeo 2<\/strong><\/p>\n<p><a href=\"http:\/\/setmananatura.cat\/2020\/wp-content\/uploads\/sites\/9\/2020\/09\/video_4.jpg\"><img loading=\"lazy\" decoding=\"async\" class=\"alignnone wp-image-2193350 size-large\" src=\"http:\/\/setmananatura.cat\/2020\/wp-content\/uploads\/sites\/9\/2020\/09\/video_4-1024x576.jpg\" alt=\"\" width=\"850\" height=\"478\" srcset=\"https:\/\/setmananatura.cat\/2020\/wp-content\/uploads\/sites\/9\/2020\/09\/video_4-1024x576.jpg 1024w, https:\/\/setmananatura.cat\/2020\/wp-content\/uploads\/sites\/9\/2020\/09\/video_4-300x169.jpg 300w, https:\/\/setmananatura.cat\/2020\/wp-content\/uploads\/sites\/9\/2020\/09\/video_4-768x432.jpg 768w, https:\/\/setmananatura.cat\/2020\/wp-content\/uploads\/sites\/9\/2020\/09\/video_4.jpg 1366w\" sizes=\"auto, (max-width: 850px) 100vw, 850px\" \/><\/a><\/p>\n<p><strong>Imatge v\u00eddeo 3<\/strong><\/p>\n<p><a href=\"http:\/\/setmananatura.cat\/2020\/wp-content\/uploads\/sites\/9\/2020\/09\/video_3.jpg\"><img loading=\"lazy\" decoding=\"async\" class=\"alignnone wp-image-2193320 size-large\" src=\"http:\/\/setmananatura.cat\/2020\/wp-content\/uploads\/sites\/9\/2020\/09\/video_3-1024x576.jpg\" alt=\"\" width=\"850\" height=\"478\" srcset=\"https:\/\/setmananatura.cat\/2020\/wp-content\/uploads\/sites\/9\/2020\/09\/video_3-1024x576.jpg 1024w, https:\/\/setmananatura.cat\/2020\/wp-content\/uploads\/sites\/9\/2020\/09\/video_3-300x169.jpg 300w, https:\/\/setmananatura.cat\/2020\/wp-content\/uploads\/sites\/9\/2020\/09\/video_3-768x432.jpg 768w, https:\/\/setmananatura.cat\/2020\/wp-content\/uploads\/sites\/9\/2020\/09\/video_3.jpg 1366w\" sizes=\"auto, (max-width: 850px) 100vw, 850px\" \/><\/a><\/p>\n<p><strong>Imatge v\u00eddeo 4<\/strong><\/p>\n<p><a href=\"http:\/\/setmananatura.cat\/2020\/wp-content\/uploads\/sites\/9\/2020\/09\/video_1.jpg\"><img loading=\"lazy\" decoding=\"async\" class=\"alignnone wp-image-2193365 size-large\" src=\"http:\/\/setmananatura.cat\/2020\/wp-content\/uploads\/sites\/9\/2020\/09\/video_1-1024x576.jpg\" alt=\"\" width=\"850\" height=\"478\" srcset=\"https:\/\/setmananatura.cat\/2020\/wp-content\/uploads\/sites\/9\/2020\/09\/video_1-1024x576.jpg 1024w, https:\/\/setmananatura.cat\/2020\/wp-content\/uploads\/sites\/9\/2020\/09\/video_1-300x169.jpg 300w, https:\/\/setmananatura.cat\/2020\/wp-content\/uploads\/sites\/9\/2020\/09\/video_1-768x432.jpg 768w, https:\/\/setmananatura.cat\/2020\/wp-content\/uploads\/sites\/9\/2020\/09\/video_1.jpg 1366w\" sizes=\"auto, (max-width: 850px) 100vw, 850px\" \/><\/a><\/p>\n<p>&nbsp;<\/p>\n<p>&nbsp;<\/p>\n","protected":false},"excerpt":{"rendered":"<p>Ajuda&#8217;ns a fer arribar la implicaci\u00f3 per la natura a tot arreu!\u00a0 A continuaci\u00f3 trobar\u00e0s diferents materials per difondre la Setmana Natura a trav\u00e9s de xarxes socials o per compartir amb les teves amistats, familiars i coneguts. Utilitza el hashtag #setmananatura amb les imatges! Logo Setmana Natura 2020 &nbsp; &nbsp; &nbsp; &nbsp; Banner Setmana Natura [&hellip;]<\/p>\n","protected":false},"author":2,"featured_media":0,"parent":0,"menu_order":0,"comment_status":"closed","ping_status":"closed","template":"page-crear.php","meta":{"footnotes":""},"class_list":["post-2192074","page","type-page","status-publish","hentry"],"aioseo_notices":[],"_links":{"self":[{"href":"https:\/\/setmananatura.cat\/2020\/wp-json\/wp\/v2\/pages\/2192074","targetHints":{"allow":["GET"]}}],"collection":[{"href":"https:\/\/setmananatura.cat\/2020\/wp-json\/wp\/v2\/pages"}],"about":[{"href":"https:\/\/setmananatura.cat\/2020\/wp-json\/wp\/v2\/types\/page"}],"author":[{"embeddable":true,"href":"https:\/\/setmananatura.cat\/2020\/wp-json\/wp\/v2\/users\/2"}],"replies":[{"embeddable":true,"href":"https:\/\/setmananatura.cat\/2020\/wp-json\/wp\/v2\/comments?post=2192074"}],"version-history":[{"count":18,"href":"https:\/\/setmananatura.cat\/2020\/wp-json\/wp\/v2\/pages\/2192074\/revisions"}],"predecessor-version":[{"id":2193706,"href":"https:\/\/setmananatura.cat\/2020\/wp-json\/wp\/v2\/pages\/2192074\/revisions\/2193706"}],"wp:attachment":[{"href":"https:\/\/setmananatura.cat\/2020\/wp-json\/wp\/v2\/media?parent=2192074"}],"curies":[{"name":"wp","href":"https:\/\/api.w.org\/{rel}","templated":true}]}}