{"id":2192070,"date":"2020-03-04T15:42:55","date_gmt":"2020-03-04T14:42:55","guid":{"rendered":"http:\/\/setmananatura.cat\/2020\/?page_id=2192070"},"modified":"2020-03-05T16:20:03","modified_gmt":"2020-03-05T15:20:03","slug":"organitza-una-activitat","status":"publish","type":"page","link":"https:\/\/setmananatura.cat\/2020\/organitza-una-activitat\/","title":{"rendered":"Organitza una activitat"},"content":{"rendered":"<p>Si formes part d\u2019un col\u00b7lectiu (associacions, fundacions, escoles, instituts, grup de lleure, administracions p\u00fabliques, biblioteques, museus, parcs naturals, empreses&#8230;) pots organitzar una activitat per la Setmana de la Natura!<\/p>\n<p>Totes les activitats han de ser sense \u00e0nim de lucre i han de promoure la participaci\u00f3 en la conservaci\u00f3 de la natura.<\/p>\n<h3><span style=\"color: #008000;\"><strong>Quin tipus d\u2019activitats es poden organitzar?<\/strong><\/span><\/h3>\n<p>Es poden organitzar diferents tipus d\u2019activitats: xerrades o confer\u00e8ncies, tallers d\u2019educaci\u00f3 ambiental, exposicions, portes obertes, jornades de voluntariat, millora d\u2019una bassa, extracci\u00f3 de plantes invasores, gimcanes, dinars contra el malbaratament alimentari, bicicletades&#8230;<\/p>\n<p>L\u2019objectiu d\u2019aquest any \u00e9s <strong>promoure l\u2019acci\u00f3 per reduir la p\u00e8rdua de biodiversitat<\/strong> a Catalunya. Les entitats ambientals podeu donar a con\u00e8ixer amb una activitat qu\u00e8 feu en el dia a dia per combatre aquesta problem\u00e0tica, i la resta d\u2019organitzacions podeu buscar la col\u00b7laboraci\u00f3 amb les entitats ambientals de la vostra zona.<\/p>\n<p>A continuaci\u00f3 tens m\u00e9s informaci\u00f3 segons el tipus d\u2019organitzaci\u00f3:<\/p>\n<p><a href=\"https:\/\/setmananatura.cat\/2020\/organitzadors-associacions-i-fundacions\/\"><img loading=\"lazy\" decoding=\"async\" class=\"alignnone wp-image-2192176\" src=\"http:\/\/setmananatura.cat\/2020\/wp-content\/uploads\/sites\/9\/2020\/03\/colectiu_1.png\" alt=\"\" width=\"106\" height=\"97\" srcset=\"https:\/\/setmananatura.cat\/2020\/wp-content\/uploads\/sites\/9\/2020\/03\/colectiu_1.png 605w, https:\/\/setmananatura.cat\/2020\/wp-content\/uploads\/sites\/9\/2020\/03\/colectiu_1-300x276.png 300w\" sizes=\"auto, (max-width: 106px) 100vw, 106px\" \/><\/a><a href=\"https:\/\/setmananatura.cat\/2020\/organitzadors-educacio\/\"><img loading=\"lazy\" decoding=\"async\" class=\"alignnone wp-image-2192177\" src=\"http:\/\/setmananatura.cat\/2020\/wp-content\/uploads\/sites\/9\/2020\/03\/colectiu_2.png\" alt=\"\" width=\"122\" height=\"112\" srcset=\"https:\/\/setmananatura.cat\/2020\/wp-content\/uploads\/sites\/9\/2020\/03\/colectiu_2.png 605w, https:\/\/setmananatura.cat\/2020\/wp-content\/uploads\/sites\/9\/2020\/03\/colectiu_2-300x276.png 300w\" sizes=\"auto, (max-width: 122px) 100vw, 122px\" \/><\/a><a href=\"https:\/\/setmananatura.cat\/2020\/organitzadors-administracions-publiques\/\"><img loading=\"lazy\" decoding=\"async\" class=\"alignnone wp-image-2192179\" src=\"http:\/\/setmananatura.cat\/2020\/wp-content\/uploads\/sites\/9\/2020\/03\/colectiu_4.png\" alt=\"\" width=\"108\" height=\"99\" srcset=\"https:\/\/setmananatura.cat\/2020\/wp-content\/uploads\/sites\/9\/2020\/03\/colectiu_4.png 605w, https:\/\/setmananatura.cat\/2020\/wp-content\/uploads\/sites\/9\/2020\/03\/colectiu_4-300x276.png 300w\" sizes=\"auto, (max-width: 108px) 100vw, 108px\" \/><\/a><a href=\"https:\/\/setmananatura.cat\/2020\/organitzadors-biblioteques\/\"><img loading=\"lazy\" decoding=\"async\" class=\"alignnone wp-image-2192178\" src=\"http:\/\/setmananatura.cat\/2020\/wp-content\/uploads\/sites\/9\/2020\/03\/colectiu_3.png\" alt=\"\" width=\"107\" height=\"98\" srcset=\"https:\/\/setmananatura.cat\/2020\/wp-content\/uploads\/sites\/9\/2020\/03\/colectiu_3.png 605w, https:\/\/setmananatura.cat\/2020\/wp-content\/uploads\/sites\/9\/2020\/03\/colectiu_3-300x276.png 300w\" sizes=\"auto, (max-width: 107px) 100vw, 107px\" \/><\/a><a href=\"https:\/\/setmananatura.cat\/2020\/organitzadors-empreses\/\"><img loading=\"lazy\" decoding=\"async\" class=\"alignnone wp-image-2192180\" src=\"http:\/\/setmananatura.cat\/2020\/wp-content\/uploads\/sites\/9\/2020\/03\/colectiu_5.png\" alt=\"\" width=\"115\" height=\"106\" srcset=\"https:\/\/setmananatura.cat\/2020\/wp-content\/uploads\/sites\/9\/2020\/03\/colectiu_5.png 605w, https:\/\/setmananatura.cat\/2020\/wp-content\/uploads\/sites\/9\/2020\/03\/colectiu_5-300x276.png 300w\" sizes=\"auto, (max-width: 115px) 100vw, 115px\" \/><\/a><\/p>\n","protected":false},"excerpt":{"rendered":"<p>Si formes part d\u2019un col\u00b7lectiu (associacions, fundacions, escoles, instituts, grup de lleure, administracions p\u00fabliques, biblioteques, museus, parcs naturals, empreses&#8230;) pots organitzar una activitat per la Setmana de la Natura! Totes les activitats han de ser sense \u00e0nim de lucre i han de promoure la participaci\u00f3 en la conservaci\u00f3 de la natura. Quin tipus d\u2019activitats es [&hellip;]<\/p>\n","protected":false},"author":2,"featured_media":0,"parent":0,"menu_order":0,"comment_status":"closed","ping_status":"closed","template":"page-crear.php","meta":{"footnotes":""},"class_list":["post-2192070","page","type-page","status-publish","hentry"],"aioseo_notices":[],"_links":{"self":[{"href":"https:\/\/setmananatura.cat\/2020\/wp-json\/wp\/v2\/pages\/2192070","targetHints":{"allow":["GET"]}}],"collection":[{"href":"https:\/\/setmananatura.cat\/2020\/wp-json\/wp\/v2\/pages"}],"about":[{"href":"https:\/\/setmananatura.cat\/2020\/wp-json\/wp\/v2\/types\/page"}],"author":[{"embeddable":true,"href":"https:\/\/setmananatura.cat\/2020\/wp-json\/wp\/v2\/users\/2"}],"replies":[{"embeddable":true,"href":"https:\/\/setmananatura.cat\/2020\/wp-json\/wp\/v2\/comments?post=2192070"}],"version-history":[{"count":10,"href":"https:\/\/setmananatura.cat\/2020\/wp-json\/wp\/v2\/pages\/2192070\/revisions"}],"predecessor-version":[{"id":2192212,"href":"https:\/\/setmananatura.cat\/2020\/wp-json\/wp\/v2\/pages\/2192070\/revisions\/2192212"}],"wp:attachment":[{"href":"https:\/\/setmananatura.cat\/2020\/wp-json\/wp\/v2\/media?parent=2192070"}],"curies":[{"name":"wp","href":"https:\/\/api.w.org\/{rel}","templated":true}]}}