{"id":25,"date":"2018-02-06T11:01:51","date_gmt":"2018-02-06T09:01:51","guid":{"rendered":"http:\/\/setmananatura.cat\/sn2019\/?page_id=25"},"modified":"2019-06-25T13:05:46","modified_gmt":"2019-06-25T11:05:46","slug":"home-presentacio","status":"publish","type":"page","link":"https:\/\/setmananatura.cat\/2019\/","title":{"rendered":"Setmana de la natura 2019"},"content":{"rendered":"<p>La Setmana de la Natura \u00e9s un moment de l\u2019any per prendre consci\u00e8ncia de la necessitat de conservar el medi ambient i el nostre patrimoni natural.<\/p>\n<p>A l&#8217;edici\u00f3 del 2019, s&#8217;han organitzat durant 10 dies m\u00e9s de 400 activitats arreu de Catalunya per la conservaci\u00f3 de la natura i el medi ambient, per a joves i per a grans, al mar, a la muntanya i a la ciutat.<\/p>\n<p>Gr\u00e0cies a tothom per la vostra implicaci\u00f3!<\/p>\n","protected":false},"excerpt":{"rendered":"<p>La Setmana de la Natura \u00e9s un moment de l\u2019any per prendre consci\u00e8ncia de la necessitat de conservar el medi ambient i el nostre patrimoni natural. A l&#8217;edici\u00f3 del 2019, s&#8217;han organitzat durant 10 dies m\u00e9s de 400 activitats arreu de Catalunya per la conservaci\u00f3 de la natura i el medi ambient, per a joves [&hellip;]<\/p>\n","protected":false},"author":1,"featured_media":0,"parent":0,"menu_order":0,"comment_status":"closed","ping_status":"closed","template":"","meta":{"footnotes":""},"class_list":["post-25","page","type-page","status-publish","hentry"],"aioseo_notices":[],"_links":{"self":[{"href":"https:\/\/setmananatura.cat\/2019\/wp-json\/wp\/v2\/pages\/25","targetHints":{"allow":["GET"]}}],"collection":[{"href":"https:\/\/setmananatura.cat\/2019\/wp-json\/wp\/v2\/pages"}],"about":[{"href":"https:\/\/setmananatura.cat\/2019\/wp-json\/wp\/v2\/types\/page"}],"author":[{"embeddable":true,"href":"https:\/\/setmananatura.cat\/2019\/wp-json\/wp\/v2\/users\/1"}],"replies":[{"embeddable":true,"href":"https:\/\/setmananatura.cat\/2019\/wp-json\/wp\/v2\/comments?post=25"}],"version-history":[{"count":4,"href":"https:\/\/setmananatura.cat\/2019\/wp-json\/wp\/v2\/pages\/25\/revisions"}],"predecessor-version":[{"id":2191957,"href":"https:\/\/setmananatura.cat\/2019\/wp-json\/wp\/v2\/pages\/25\/revisions\/2191957"}],"wp:attachment":[{"href":"https:\/\/setmananatura.cat\/2019\/wp-json\/wp\/v2\/media?parent=25"}],"curies":[{"name":"wp","href":"https:\/\/api.w.org\/{rel}","templated":true}]}}