{"id":460,"date":"2018-03-28T18:59:20","date_gmt":"2018-03-28T16:59:20","guid":{"rendered":"http:\/\/setmananatura.cat\/2018\/?page_id=460"},"modified":"2018-03-28T18:59:20","modified_gmt":"2018-03-28T16:59:20","slug":"politica-de-privadesa-i-proteccio-de-dades","status":"publish","type":"page","link":"https:\/\/setmananatura.cat\/2018\/politica-de-privadesa-i-proteccio-de-dades\/","title":{"rendered":"Pol\u00edtica de Privadesa i Protecci\u00f3 de Dades"},"content":{"rendered":"<p>Registre General de Protecci\u00f3 de Dades<\/p>\n<p>XARXA DE CUSTODIA DEL TERRITORI, garanteix la seguretat i confidencialitat de les dades de car\u00e0cter personal facilitades pels seus socis i col\u00b7laboradors, i aix\u00ed, de conformitat amb l&#8217;establert en la Llei Org\u00e0nica 15\/1999, de Protecci\u00f3 de Dades de Car\u00e0cter Personal (LOPD) i en la normativa de desenvolupament, el soci\/col\u00b7laborador queda informat i presta el seu consentiment a la incorporaci\u00f3 de les seves dades als fitxers automatitzats existents a, XARXA DE CUSTODIA DEL TERRITORI, i al tractament automatitzat dels mateixos, incloent aquells als quals aquesta entitat tingui acc\u00e9s com a conseq\u00fc\u00e8ncia de la seva navegaci\u00f3 per aquesta p\u00e0gina web, per a les finalitats d\u2019enviament de comunicacions informatives, distribuci\u00f3 d\u2019informaci\u00f3 i serveis, del manteniment de la seva relaci\u00f3 contractual i de gesti\u00f3 amb, XARXA DE CUSTODIA DEL TERRITORI, a fi d\u2019adequar les nostres ofertes a les seves caracter\u00edstiques particulars.<\/p>\n<p>Els destinataris d\u2019aquestes dades seran els serveis i t\u00e8cnics comercials de XARXA DE CUSTODIA DEL TERRITORI.<\/p>\n<p>Recollida de Dades<\/p>\n<p>Aquestes Dades Personals estan sent tractades i incorporades als corresponents fitxers automatitzats, degudament inscrits en el Registre General de Protecci\u00f3 de Dades. La pol\u00edtica de privadesa, XARXA DE CUST\u00d2DIA DEL TERRITORI, assegura, en tot cas, l\u2019exercici dels drets d\u2019acc\u00e9s, rectificaci\u00f3, cancel\u00b7laci\u00f3, informaci\u00f3 de valoracions i oposici\u00f3, en els termes establerts en la legislaci\u00f3 vigent.<\/p>\n<p>Drets d\u2019acc\u00e9s, oposici\u00f3, rectificaci\u00f3 i cancel\u00b7laci\u00f3.<\/p>\n<p>Per aix\u00f2, de conformitat amb el que estableix la Llei Org\u00e0nica 15\/1999, de Protecci\u00f3 de Dades de Car\u00e0cter Personal (LOPD) i en la normativa de desenvolupament, XARXA DE CUSTODIA DEL TERRITORI, garanteix l\u2019adopci\u00f3 de les mesures necess\u00e0ries per a assegurar el tractament confidencial d\u2019aquestes dades i us informa de la possibilitat d\u2019exercitar, conforme a aquesta normativa, els drets d\u2019acc\u00e9s, rectificaci\u00f3, cancel\u00b7laci\u00f3 i oposici\u00f3, dirigint un escrit a XARXA DE CUSTODIA DEL TERRITORI, C\/ Sagrada Fam\u00edlia 7 , \u2013\u00a0 93 886 61 35 Vic (Barcelona) info@custodiaterritori.org<\/p>\n<p>Vegeu Av\u00eds Legal.<\/p>\n","protected":false},"excerpt":{"rendered":"<p>Registre General de Protecci\u00f3 de Dades XARXA DE CUSTODIA DEL TERRITORI, garanteix la seguretat i confidencialitat de les dades de car\u00e0cter personal facilitades pels seus socis i col\u00b7laboradors, i aix\u00ed, de conformitat amb l&#8217;establert en la Llei Org\u00e0nica 15\/1999, de Protecci\u00f3 de Dades de Car\u00e0cter Personal (LOPD) i en la normativa de desenvolupament, el soci\/col\u00b7laborador [&hellip;]<\/p>\n","protected":false},"author":1,"featured_media":0,"parent":0,"menu_order":0,"comment_status":"closed","ping_status":"closed","template":"","meta":{"footnotes":""},"class_list":["post-460","page","type-page","status-publish","hentry"],"aioseo_notices":[],"_links":{"self":[{"href":"https:\/\/setmananatura.cat\/2018\/wp-json\/wp\/v2\/pages\/460","targetHints":{"allow":["GET"]}}],"collection":[{"href":"https:\/\/setmananatura.cat\/2018\/wp-json\/wp\/v2\/pages"}],"about":[{"href":"https:\/\/setmananatura.cat\/2018\/wp-json\/wp\/v2\/types\/page"}],"author":[{"embeddable":true,"href":"https:\/\/setmananatura.cat\/2018\/wp-json\/wp\/v2\/users\/1"}],"replies":[{"embeddable":true,"href":"https:\/\/setmananatura.cat\/2018\/wp-json\/wp\/v2\/comments?post=460"}],"version-history":[{"count":1,"href":"https:\/\/setmananatura.cat\/2018\/wp-json\/wp\/v2\/pages\/460\/revisions"}],"predecessor-version":[{"id":461,"href":"https:\/\/setmananatura.cat\/2018\/wp-json\/wp\/v2\/pages\/460\/revisions\/461"}],"wp:attachment":[{"href":"https:\/\/setmananatura.cat\/2018\/wp-json\/wp\/v2\/media?parent=460"}],"curies":[{"name":"wp","href":"https:\/\/api.w.org\/{rel}","templated":true}]}}