{"id":458,"date":"2018-03-28T18:58:04","date_gmt":"2018-03-28T16:58:04","guid":{"rendered":"http:\/\/setmananatura.cat\/2018\/?page_id=458"},"modified":"2018-03-28T18:58:04","modified_gmt":"2018-03-28T16:58:04","slug":"avis-legal","status":"publish","type":"page","link":"https:\/\/setmananatura.cat\/2018\/avis-legal\/","title":{"rendered":"Av\u00eds legal"},"content":{"rendered":"<p>Titular: XARXA DE CUSTODIA DEL TERRITORI<br \/>\nCIF: G63122402<br \/>\nDirecci\u00f3: C\/Sagrada Fam\u00edlia , 7 (Universitat de Vic)<br \/>\n08500 Vic (Barcelona)<br \/>\nContacte: info@custodiaterritori.org<br \/>\nTel. 93 886 61 35 Fax: 93 886 61 35<\/p>\n<p>Tots els drets reservats<\/p>\n<p>XARXA DE CUSTODIA DEL TERRITORI, en compliment de la Llei 34\/2002, d\u201911 de juliol, de serveis de la societat de la informaci\u00f3 i de comer\u00e7 electr\u00f2nic, us informa que: La seva denominaci\u00f3 social \u00e9s, XARXA DE CUSTODIA DEL TERRITORI. El seu CIF \u00e9s G63122402. El seu domicili social est\u00e0 al c \/ Sagrada Fam\u00edlia 15 &#8211; 08500 Vic (Barcelona).<\/p>\n<p>Per a comunicar-vos amb nosaltres, posem a la vostra disposici\u00f3 diferents mitjans de contacte: info@custodiaterritori.org o directament a la nostra oficina.<\/p>\n<p>Informem que el web http:\/\/www.setmananatura.cat t\u00e9 per objecte facilitar al p\u00fablic en general el coneixement de les activitats i les iniciatives que ofereix la campanya de la Setmana de la Natura.<\/p>\n<p>XARXA DE CUSTODIA DEL TERRITORI, conforme al que estableix la Llei Org\u00e0nica 15\/1999, de Protecci\u00f3 de Dades de Car\u00e0cter Personal (LOPD) i la normativa de desenvolupament, garanteix la seguretat i confidencialitat de les dades facilitades pels seus socis i col\u00b7laboradors.<\/p>\n<p>Vegeu la Pol\u00edtica de privadesa i Protecci\u00f3 de Dades.<\/p>\n","protected":false},"excerpt":{"rendered":"<p>Titular: XARXA DE CUSTODIA DEL TERRITORI CIF: G63122402 Direcci\u00f3: C\/Sagrada Fam\u00edlia , 7 (Universitat de Vic) 08500 Vic (Barcelona) Contacte: info@custodiaterritori.org Tel. 93 886 61 35 Fax: 93 886 61 35 Tots els drets reservats XARXA DE CUSTODIA DEL TERRITORI, en compliment de la Llei 34\/2002, d\u201911 de juliol, de serveis de la societat de [&hellip;]<\/p>\n","protected":false},"author":1,"featured_media":0,"parent":0,"menu_order":0,"comment_status":"closed","ping_status":"closed","template":"","meta":{"footnotes":""},"class_list":["post-458","page","type-page","status-publish","hentry"],"aioseo_notices":[],"_links":{"self":[{"href":"https:\/\/setmananatura.cat\/2018\/wp-json\/wp\/v2\/pages\/458","targetHints":{"allow":["GET"]}}],"collection":[{"href":"https:\/\/setmananatura.cat\/2018\/wp-json\/wp\/v2\/pages"}],"about":[{"href":"https:\/\/setmananatura.cat\/2018\/wp-json\/wp\/v2\/types\/page"}],"author":[{"embeddable":true,"href":"https:\/\/setmananatura.cat\/2018\/wp-json\/wp\/v2\/users\/1"}],"replies":[{"embeddable":true,"href":"https:\/\/setmananatura.cat\/2018\/wp-json\/wp\/v2\/comments?post=458"}],"version-history":[{"count":1,"href":"https:\/\/setmananatura.cat\/2018\/wp-json\/wp\/v2\/pages\/458\/revisions"}],"predecessor-version":[{"id":459,"href":"https:\/\/setmananatura.cat\/2018\/wp-json\/wp\/v2\/pages\/458\/revisions\/459"}],"wp:attachment":[{"href":"https:\/\/setmananatura.cat\/2018\/wp-json\/wp\/v2\/media?parent=458"}],"curies":[{"name":"wp","href":"https:\/\/api.w.org\/{rel}","templated":true}]}}