{"id":2,"date":"2017-01-03T10:37:39","date_gmt":"2017-01-03T09:37:39","guid":{"rendered":"http:\/\/setmananatura.cat\/sn2017\/?page_id=2"},"modified":"2017-05-08T10:13:34","modified_gmt":"2017-05-08T09:13:34","slug":"que-es","status":"publish","type":"page","link":"https:\/\/setmananatura.cat\/2017\/que-es\/","title":{"rendered":"Qu\u00e8 \u00e9s?"},"content":{"rendered":"<p>La <strong>Setmana de la Natura<\/strong> \u00e9s una campanya dirigida a promoure activitats a tot Catalunya per conscienciar sobre la import\u00e0ncia de tenir cura de la nostra natura i el nostre territori.<\/p>\n<h2 class=\"titol\">Quan \u00e9s?<\/h2>\n<p class=\"text\">La Setmana de la Natura tindr\u00e0 lloc entre el <strong>2 i l&#8217;11 de juny de 2017\u00a0<\/strong>i promour\u00e0 l\u2019organitzaci\u00f3 d\u2019activitats arreu de Catalunya per viure la Terra i conscienciar la societat de la necessitat de conservar la natura i el territori.<\/p>\n<h2 class=\"titol\">A qui implica? Qui hi pot participar<\/h2>\n<p class=\"text\">A tothom, perqu\u00e8 tots podem actuar per la natura. Durant la setmana hi haur\u00e0 activitats per a tots els p\u00fablics, des dels m\u00e9s joves i fins als m\u00e9s grans.<\/p>\n<h2 class=\"text\">Quines activitats s&#8217;hi faran?<\/h2>\n<p>La Setmana de la Natura comptar\u00e0 amb centenars d&#8217;activitats de la m\u00e0 d&#8217;entitats ambientals i organitzacions de tot Catalunya!<\/p>\n<p style=\"text-align: center;\"><strong><span style=\"color: #4e8003;\"><em>10 dies plens d\u2019activitats per gaudir de la natura en el seu sentit m\u00e9s ampli! Excursions, tallers, visites guiades, activitats familiars, exposicions, activitats infantils, sortides de camp\u2026 Un munt d\u2019oportunitats per gaudir de la natura i per tothom!<\/em><\/span><\/strong><\/p>\n<p>Si vols ser part\u00edcip de la Setmana, <a href=\"http:\/\/www.setmananatura.cat\/activitats\/#!\/llistat\" target=\"_blank\" rel=\"noopener noreferrer\">busca al mapa<\/a> l&#8217;activitat que s\u2019adequi als teus interessos i apunta\u2019t-hi!<\/p>\n<h2 class=\"text\">Qui pot organitzar activitats?<\/h2>\n<p>Qualsevol entitat sense \u00e0nim de lucre pot organitzar una activitat per a la Setmana de la Natura que encaixi amb l&#8217;objectiu de la Setmana:\u00a0 conscienciar sobre la import\u00e0ncia de tenir cura de la nostra natura i el nostre territori. Caminades, sortides guiades, tallers, xerrades, activitats de voluntariat s\u00f3n algunes de les activitats que pots organitzar.<\/p>\n<p>En cas que organitzis una activitat <strong>omple el formulari de la web per tal que la teva activitat es visualitzi al mapa<\/strong> i m\u00e9s persones hi participin (apartat <a href=\"http:\/\/www.setmananatura.cat\/afegir-activitat\/\" target=\"_blank\" rel=\"noopener noreferrer\">Afegir una activitat<\/a>). Des de la Setmana en farem difusi\u00f3!<\/p>\n<p>Recorda: les activitats de la Setmana de la Natura <strong>s\u00f3n sense \u00e0nim de lucre<\/strong>! Si ets una empresa, pots destinar els beneficis de l\u2019activitat a una entitat ambiental sense \u00e0nim de lucre. Si teniu dubtes ens podeu contactar a info@setmananatura.cat .<\/p>\n<h2>Els bra\u00e7alets solidaris #setmananatura<\/h2>\n<p><a href=\"http:\/\/www.setmananatura.cat\/obsequiarem-tots-els-participants-a-les-activitats-de-la-setmana-amb-un-bracalet-solidari-setmananatura\/http:\/\/\"><img loading=\"lazy\" decoding=\"async\" class=\"alignright wp-image-740 size-thumbnail\" src=\"http:\/\/setmananatura.cat\/wp-content\/uploads\/sites\/4\/IMG_3069-150x150.jpg\" alt=\"\" width=\"150\" height=\"150\" \/><\/a>Totes aquelles organitzacions que publiqueu una activitat us regalarem bra\u00e7alets solidaris per a que repartiu entre els participants de la vostra activitat, tot ajudant a promoure la Setmana de la Natura.<\/p>\n<p>Podeu trobar m\u00e9s informaci\u00f3 sobre els bra\u00e7alets <a href=\"http:\/\/www.setmananatura.cat\/obsequiarem-tots-els-participants-a-les-activitats-de-la-setmana-amb-un-bracalet-solidari-setmananatura\/\" target=\"_blank\" rel=\"noopener noreferrer\">en aquest enlla\u00e7<\/a>.<\/p>\n<h2 class=\"titol\">Qui l\u2019organitza?<\/h2>\n<p class=\"text\">La Setmana de la Natura \u00e9s una iniciativa conjunta de la <a href=\"http:\/\/www.xvac.cat\/\" target=\"_blank\" rel=\"noopener noreferrer\">Xarxa de Voluntariat Ambiental de Catalunya<\/a> (XVAC) i la <a href=\"http:\/\/www.xct.cat\/\" target=\"_blank\" rel=\"noopener noreferrer\">Xarxa de Cust\u00f2dia del Territori<\/a> (XCT). La XVAC i la XCT s\u00f3n dues xarxes d\u2019entitats sense \u00e0nim de lucre i de refer\u00e8ncia en el m\u00f3n de la conservaci\u00f3 de la natura i del voluntariat ambiental a Catalunya, i compten amb el suport del Departament de Territori i Sostenibilitat de la Generalitat de Catalunya i l\u2019Obra Social \u201cla Caixa\u201d.<\/p>\n<h2 class=\"titol\"><\/h2>\n","protected":false},"excerpt":{"rendered":"<p>La Setmana de la Natura \u00e9s una campanya dirigida a promoure activitats a tot Catalunya per conscienciar sobre la import\u00e0ncia de tenir cura de la nostra natura i el nostre territori. Quan \u00e9s? La Setmana de la Natura tindr\u00e0 lloc entre el 2 i l&#8217;11 de juny de 2017\u00a0i promour\u00e0 l\u2019organitzaci\u00f3 d\u2019activitats arreu de Catalunya [&hellip;]<\/p>\n","protected":false},"author":1,"featured_media":0,"parent":0,"menu_order":0,"comment_status":"closed","ping_status":"open","template":"","meta":{"footnotes":""},"class_list":["post-2","page","type-page","status-publish","hentry"],"aioseo_notices":[],"_links":{"self":[{"href":"https:\/\/setmananatura.cat\/2017\/wp-json\/wp\/v2\/pages\/2","targetHints":{"allow":["GET"]}}],"collection":[{"href":"https:\/\/setmananatura.cat\/2017\/wp-json\/wp\/v2\/pages"}],"about":[{"href":"https:\/\/setmananatura.cat\/2017\/wp-json\/wp\/v2\/types\/page"}],"author":[{"embeddable":true,"href":"https:\/\/setmananatura.cat\/2017\/wp-json\/wp\/v2\/users\/1"}],"replies":[{"embeddable":true,"href":"https:\/\/setmananatura.cat\/2017\/wp-json\/wp\/v2\/comments?post=2"}],"version-history":[{"count":10,"href":"https:\/\/setmananatura.cat\/2017\/wp-json\/wp\/v2\/pages\/2\/revisions"}],"predecessor-version":[{"id":806,"href":"https:\/\/setmananatura.cat\/2017\/wp-json\/wp\/v2\/pages\/2\/revisions\/806"}],"wp:attachment":[{"href":"https:\/\/setmananatura.cat\/2017\/wp-json\/wp\/v2\/media?parent=2"}],"curies":[{"name":"wp","href":"https:\/\/api.w.org\/{rel}","templated":true}]}}